{"id":35519,"date":"2018-11-21T19:51:42","date_gmt":"2018-11-21T19:51:42","guid":{"rendered":"http:\/\/michaelis.es\/politicas-de-privacidad\/"},"modified":"2024-08-02T16:03:44","modified_gmt":"2024-08-02T16:03:44","slug":"politicas-de-privacidad","status":"publish","type":"page","link":"https:\/\/turmalina.com\/es\/politicas-de-privacidad\/","title":{"rendered":"Pol\u00edticas de Privacidad"},"content":{"rendered":"<div><\/div>\n<div class=\"title-h2\"><span style=\"color: #00bcd4;\"><strong>Pol\u00edticas de Privacidad<\/strong><\/span><\/div>\n<p>El organismo responsable en t\u00e9rminos de leyes de protecci\u00f3n de datos es:<\/p>\n<p>Kerstin Michaelis<\/p>\n<p><strong>Recopilar informaci\u00f3n general<\/strong><\/p>\n<p>Cuando accede a nuestro sitio web, la informaci\u00f3n de car\u00e1cter general se recopila autom\u00e1ticamente. Esta informaci\u00f3n (archivos de registro del servidor) incluye, por ejemplo, el tipo de navegador web, el sistema operativo utilizado, el nombre de dominio de su proveedor de servicios de Internet y similares. Esta es solo informaci\u00f3n que no permite conclusiones sobre su persona. Esta informaci\u00f3n es t\u00e9cnicamente necesaria para entregar correctamente los contenidos de las p\u00e1ginas web solicitadas por usted y es obligatoria cuando se utiliza Internet. La informaci\u00f3n an\u00f3nima de este tipo es evaluada estad\u00edsticamente por nosotros para optimizar nuestro sitio web y la tecnolog\u00eda subyacente.<\/p>\n<p><strong> Registro en nuestro sitio web <\/strong><\/p>\n<p>Al registrarse para el uso de nuestros servicios personalizados, se recopilar\u00e1 cierta informaci\u00f3n personal, como el nombre, la direcci\u00f3n, el contacto y la informaci\u00f3n de comunicaci\u00f3n, como el n\u00famero de tel\u00e9fono y la direcci\u00f3n de correo electr\u00f3nico. Si est\u00e1 registrado con nosotros, puede acceder a los contenidos y servicios que ofrecemos solo a usuarios registrados. Los usuarios registrados tambi\u00e9n tienen la opci\u00f3n de cambiar o eliminar los datos especificados durante el registro en cualquier momento. Por supuesto, tambi\u00e9n le proporcionamos informaci\u00f3n sobre los datos personales que tenemos sobre usted en cualquier momento. Nos complace rectificar o eliminar estos a su solicitud, en la medida en que no lo impida ning\u00fan requisito legal de almacenamiento. Para ponerse en contacto con nosotros a este respecto, utilice los datos de contacto que figuran al final de esta Pol\u00edtica de privacidad.<\/p>\n<p>Para proteger la seguridad de sus datos durante la transmisi\u00f3n, utilizamos t\u00e9cnicas de encriptaci\u00f3n de \u00faltima generaci\u00f3n (como SSL) a trav\u00e9s de HTTPS.<\/p>\n<p><b>Contactar<\/b><\/p>\n<p>contacto a trav\u00e9s del correo electr\u00f3nico o formulario de contacto para ponerse en contacto con nosotros, va a salvar la informaci\u00f3n que proporcione a los efectos de la tramitaci\u00f3n de la solicitud y de las posibles preguntas de seguimiento.<\/p>\n<p><b>Uso de Google Analytics<\/b><\/p>\n<p>Este sitio web utiliza Google Analytics, un servicio de an\u00e1lisis web proporcionado por Google Inc. (&#8220;Google&#8221;). Google Analytics utiliza las llamadas &#8220;cookies&#8221;, archivos de texto que se almacenan en su computadora y que permiten un an\u00e1lisis del uso del sitio web por usted. La informaci\u00f3n generada por la cookie sobre su uso de este sitio web generalmente se transmite a un servidor de Google en EE. UU. Y se almacena all\u00ed. Debido a la activaci\u00f3n de la anonimizaci\u00f3n de IP en este sitio web, su direcci\u00f3n IP se truncar\u00e1 en los Estados miembros de la Uni\u00f3n Europea o de otras partes en el Acuerdo sobre el Espacio Econ\u00f3mico Europeo. Solo en casos excepcionales, la direcci\u00f3n IP completa se enviar\u00e1 a un servidor de Google en EE. UU. Y se acortar\u00e1 all\u00ed. En nombre del operador de este sitio web, Google utilizar\u00e1 esta informaci\u00f3n para evaluar su uso del sitio web, recopilar informes sobre la actividad del sitio web y proporcionar otros servicios relacionados con la actividad del sitio web y el uso de Internet al<br \/>\noperador del sitio web. La direcci\u00f3n IP proporcionada por Google Analytics como parte de Google Analytics no se fusionar\u00e1 con otros datos de Google. Puede evitar el almacenamiento de cookies mediante la configuraci\u00f3n correspondiente del software de su navegador; sin embargo, se\u00f1alamos que en este caso es posible que no pueda usar todas las funciones de este sitio web en su totalidad. Tambi\u00e9n puede evitar que los datos generados por la cookie y relacionados con su uso del sitio web (incl. Su direcci\u00f3n IP) para Google y el tratamiento de estos datos por parte de Google, mediante la descarga del plug-in de navegador disponible en el siguiente enlace e instalar: <!-- p--><\/p>\n<p>Enlace: <a href=\"http:\/\/tools.google.com\/dlpage\/gaoptout?hl=de\" target=\"_blank\" rel=\"noopener\">navegador add-on para Google Analytics Opt<\/a><\/p>\n<p>Adem\u00e1s, o como alternativa al complemento del navegador, puede evitar el seguimiento de Google Analytics en nuestro sitio web, <a title=\"Google Analytics Opt-Out-Cookie setzen\">por haga clic en este enlace<\/a>. Se instalar\u00e1 una cookie de exclusi\u00f3n voluntaria en su dispositivo. Esto evitar\u00e1 que Google Analytics recopile este sitio y navegador en el futuro, siempre y cuando la cookie permanezca instalada en su navegador.<\/p>\n<p><b>Uso del remarketing de Google<\/b><\/p>\n<p>Este sitio web utiliza la funci\u00f3n de remarketing de Google Inc. Est\u00e1 dise\u00f1ado para presentar anuncios basados \u200b\u200ben intereses a los visitantes de sitios web dentro de la red de Google. En el navegador del visitante del sitio web Se almacena una llamada &#8220;cookie&#8221;, que permite reconocer al visitante cuando llama a sitios web que pertenecen a la red publicitaria de Google. En estas p\u00e1ginas, los visitantes pueden recibir anuncios relacionados con el contenido que el visitante vio anteriormente en p\u00e1ginas web que usan la funci\u00f3n de remarketing de Google.<br \/>\nGoogle dice que no recopila ninguna informaci\u00f3n de identificaci\u00f3n personal en este proceso. Si no dispone de la funci\u00f3n de remarketing de Google desea, puede desactivar este principio al <a href=\"http:\/\/www.google.com\/settings\/ads\"> http:\/\/www.google la configuraci\u00f3n apropiada hacer .com \/ settings \/ ads <\/a>. Como alternativa, puede desactivar el uso de cookies para la publicidad basada en intereses sobre la iniciativa de la red por las instrucciones en<br \/>\n<a href=\"http:\/\/www.networkadvertising.org\/managing\/opt_out.asp\">http:\/\/www.networkadvertising.org\/managing\/opt_out.asp<\/a><\/p>\n<p><b>Verwendung von Adobe Analytics (Omniture)<\/b><\/p>\n<p><b>Uso de Adobe Analytics (Omniture)<\/b><\/p>\n<p>Este sitio Web de Adobe Analytics, un servicio de an\u00e1lisis web de Adobe Systems Software Ireland Limited ( &#8220;Adobe&#8221;). Adobe Analytics utiliza las llamadas &#8220;cookies&#8221;, archivos de texto que se almacenan en su computadora y que permiten un an\u00e1lisis de su uso del sitio web. Si un navegador de un visitante del sitio env\u00eda un registro de seguimiento al Adobe Datacenter, la configuraci\u00f3n del servidor realizada por nosotros asegura que la direcci\u00f3n IP se anonimiza antes de la geolocalizaci\u00f3n, es decir. que el \u00faltimo octeto de la direcci\u00f3n IP se reemplaza por ceros. Antes de almacenar el paquete de rastreo, la direcci\u00f3n IP se reemplaza por direcciones IP gen\u00e9ricas individuales. En nombre del operador de este sitio web, Adobe utilizar\u00e1 esta informaci\u00f3n para evaluar el uso del sitio por parte de los usuarios, recopilar informes sobre la actividad del sitio web y proporcionar otros servicios relacionados con la actividad del sitio web y el uso de Internet al operador del sitio web. La direcci\u00f3n IP enviada por su navegador como parte de Adobe Analytics no se fusionar\u00e1 con ning\u00fan otro dato de Adobe. Puede evitar el almacenamiento de cookies mediante la configuraci\u00f3n correspondiente del software de su navegador. Sin embargo, esta oferta notifica a los usuarios que es posible que no pueda usar todas las funciones de este sitio web en su totalidad. Los usuarios tambi\u00e9n pueden evitar que los datos generados por la cookie acerca de su uso del sitio web (incl. Su direcci\u00f3n IP) de Adobe, as\u00ed como el tratamiento de estos datos por parte de Adobe por el plug-in de navegador disponibles en el siguiente enlace Descargue e instale. El enlace actual es <a href=\"http:\/\/www.adobe.com\/de\/privacy\/opt-out.html\"> http:\/\/www.adobe.com\/de\/privacy\/opt-out.html<\/a><\/p>\n<p><strong>Cookies<\/strong><\/p>\n<p>Al igual que muchos otros sitios web, tambi\u00e9n utilizamos las llamadas &#8220;cookies&#8221;. Las cookies son peque\u00f1os archivos de texto que se transfieren de un servidor de sitio web a su disco duro. Esto nos proporciona autom\u00e1ticamente ciertos datos, como Direcci\u00f3n IP, navegador utilizado, sistema operativo de su computadora y su conexi\u00f3n a Internet.<\/p>\n<p>Las cookies no se pueden usar para iniciar programas o transferir virus a una computadora. Seg\u00fan la informaci\u00f3n contenida en las cookies, podemos facilitar la navegaci\u00f3n y permitir la correcta visualizaci\u00f3n de nuestras p\u00e1ginas web. <!-- P--><\/p>\n<p>En cualquier caso, la informaci\u00f3n que recopilamos a terceros o se hizo un enlace con informaci\u00f3n personal sin su permiso. <!-- P--><\/p>\n<p>Por supuesto, tambi\u00e9n puede ver nuestro sitio web sin cookies. Los navegadores de Internet se configuran regularmente para aceptar cookies. Puede desactivar el uso de cookies en cualquier momento a trav\u00e9s de la configuraci\u00f3n de su navegador. Utilice las funciones de ayuda de su navegador de Internet para descubrir c\u00f3mo cambiar estas configuraciones. Tenga en cuenta que algunas caracter\u00edsticas de nuestro sitio web pueden no funcionar si ha deshabilitado el uso de cookies.<\/p>\n<p><strong> Google AdWords<\/strong><\/p>\n<p>Nuestro sitio web utiliza el seguimiento de conversiones de Google. Si ha llegado a nuestro sitio web a trav\u00e9s de un anuncio enviado por Google, Google Adwords configurar\u00e1 una cookie en su computadora. La cookie de seguimiento de conversiones se establece cuando un usuario hace clic en un anuncio servido por Google. Estas cookies pierden su validez despu\u00e9s de 30 d\u00edas y no se utilizan para identificaci\u00f3n personal. Si el usuario visita determinadas p\u00e1ginas de nuestro sitio web y la cookie no ha caducado, es posible que Google y nosotros reconozcamos que el usuario hizo clic en el anuncio y se le redirigi\u00f3 a esta p\u00e1gina. Cada Google AdWordsunde recibe otra cookie. Las cookies no se pueden rastrear a trav\u00e9s de los sitios web de los anunciantes de AdWords. La informaci\u00f3n recopilada mediante la cookie de conversi\u00f3n se usa para generar estad\u00edsticas de conversi\u00f3n para los anunciantes de AdWords que han optado por el seguimiento de conversiones. A los clientes se les informa la cantidad total de usuarios que<br \/>\nhicieron clic en sus anuncios y se les redirigi\u00f3 a una p\u00e1gina de etiquetas de seguimiento de conversiones. Sin embargo, no recibieron la informaci\u00f3n con la que los usuarios pueden identificar personalmente<\/p>\n<p><em>Si usted no participa en el seguimiento, se puede rechazar lo que es el establecimiento de una cookie es necesario &#8211; como la configuraci\u00f3n del navegador que autom\u00e1ticamente el el establecimiento de las cookies en general, personas con discapacidad o configurar su navegador para bloquear las cookies de dominio &#8220;googleleadservices.com&#8221;.<\/em><\/p>\n<p>Tenga en cuenta que no puede eliminar la cookie de exclusi\u00f3n siempre y cuando no desee registrar datos de medici\u00f3n. \u00bfHa suprimido todas las cookies, debe establecer la cookie de exclusi\u00f3n relevante de nuevo.<\/p>\n<p><strong> Sus derechos de acceso, rectificaci\u00f3n, bloqueo, supresi\u00f3n y bloqueo<\/strong><\/p>\n<p>Tiene derecho a recibir informaci\u00f3n sobre sus datos personales que almacenamos en cualquier momento. Asimismo, tiene derecho a la correcci\u00f3n, el bloqueo o, aparte del almacenamiento de datos prescrito para las transacciones comerciales, la eliminaci\u00f3n de sus datos personales. Por favor, p\u00f3ngase en contacto con nuestro oficial de protecci\u00f3n de datos. La informaci\u00f3n de contacto en la parte inferior.<\/p>\n<p>A fin de que un bloqueo de los datos en cualquier momento puede ser tomado en cuenta, estos datos deben ser mantenidos con fines de control en un archivo bloqueado. Tambi\u00e9n puede solicitar la eliminaci\u00f3n de los datos, siempre que no exista obligaci\u00f3n legal de archivarlos. Por lo que tal obligaci\u00f3n existe, vamos a bloquear sus datos a petici\u00f3n.<\/p>\n<p>Puede cambiar o hacer mediante notificaci\u00f3n a nosotros con efecto a futuro de la revocaci\u00f3n del consentimiento.<\/p>\n<p><strong>Cambios en nuestra pol\u00edtica de privacidad<\/strong><\/p>\n<p>Nos reservamos el derecho de ajustar ocasionalmente esta declaraci\u00f3n de privacidad para estar siempre en l\u00ednea con las normas legales vigentes oa los cambios en nuestros servicios para poner en pr\u00e1ctica la pol\u00edtica de privacidad para. Por ejemplo, al presentar nuevos servicios. a continuaci\u00f3n, la nueva pol\u00edtica de privacidad se aplica a su nueva visita.<\/p>\n<p><strong>Preguntar al supervisor de protecci\u00f3n de datos<\/strong><\/p>\n<p>Si tiene alguna pregunta acerca de la privacidad, por favor enviar un correo electr\u00f3nico o p\u00f3ngase en contacto con nuestro responsable de protecci\u00f3n de datos:<\/p>\n<p>Contacto:<\/p>\n<p>Kerstin Michaelis<\/p>\n<p>Valentinskamp 18 \/ MBE Eingang Neue ABC Str.<\/p>\n<p>20354 Hamburgo<\/p>\n<p>Alemania<\/p>\n<p>Tel.: +49 40-46071660<\/p>\n<p>email: mail[at]michaelis.es<\/p>\n<p>sitio web: www.michaelis.es<\/p>\n<p><em>Die Datenschutzerkl\u00e4rung wurde mit dem <a href=\"https:\/\/www.activemind.de\/datenschutz\/datenschutzhinweis-generator\/\">Datenschutzerkl\u00e4rungs-Generator der activeMind AG erstellt<\/a>.<br \/>\n<\/em><\/p>\n","protected":false},"excerpt":{"rendered":"<p>Pol\u00edticas de Privacidad El organismo responsable en t\u00e9rminos de leyes de protecci\u00f3n de datos es: Kerstin Michaelis Recopilar informaci\u00f3n general&#8230;<\/p>\n","protected":false},"author":1,"featured_media":0,"parent":0,"menu_order":0,"comment_status":"closed","ping_status":"closed","template":"","meta":{"footnotes":""},"class_list":["post-35519","page","type-page","status-publish"],"yoast_head":"<!-- This site is optimized with the Yoast SEO plugin v24.2 - https:\/\/yoast.com\/wordpress\/plugins\/seo\/ -->\n<title>Pol\u00edticas de Privacidad - Michaelis<\/title>\n<meta name=\"robots\" content=\"index, follow, max-snippet:-1, max-image-preview:large, max-video-preview:-1\" \/>\n<link rel=\"canonical\" href=\"https:\/\/turmalina.com\/es\/politicas-de-privacidad\/\" \/>\n<meta property=\"og:locale\" content=\"es_ES\" \/>\n<meta property=\"og:type\" content=\"article\" \/>\n<meta property=\"og:title\" content=\"Pol\u00edticas de Privacidad - Michaelis\" \/>\n<meta property=\"og:description\" content=\"Pol\u00edticas de Privacidad El organismo responsable en t\u00e9rminos de leyes de protecci\u00f3n de datos es: Kerstin Michaelis Recopilar informaci\u00f3n general...\" \/>\n<meta property=\"og:url\" content=\"https:\/\/turmalina.com\/es\/politicas-de-privacidad\/\" \/>\n<meta property=\"og:site_name\" content=\"Michaelis\" \/>\n<meta property=\"article:publisher\" content=\"https:\/\/www.facebook.com\/michaelis.edelsteine\/\" \/>\n<meta property=\"article:modified_time\" content=\"2024-08-02T16:03:44+00:00\" \/>\n<meta name=\"twitter:card\" content=\"summary_large_image\" \/>\n<meta name=\"twitter:label1\" content=\"Tiempo de lectura\" \/>\n\t<meta name=\"twitter:data1\" content=\"9 minutos\" \/>\n<script type=\"application\/ld+json\" class=\"yoast-schema-graph\">{\"@context\":\"https:\/\/schema.org\",\"@graph\":[{\"@type\":\"WebPage\",\"@id\":\"https:\/\/turmalina.com\/es\/politicas-de-privacidad\/\",\"url\":\"https:\/\/turmalina.com\/es\/politicas-de-privacidad\/\",\"name\":\"Pol\u00edticas de Privacidad - Michaelis\",\"isPartOf\":{\"@id\":\"https:\/\/turmalina.com\/es\/#website\"},\"datePublished\":\"2018-11-21T19:51:42+00:00\",\"dateModified\":\"2024-08-02T16:03:44+00:00\",\"breadcrumb\":{\"@id\":\"https:\/\/turmalina.com\/es\/politicas-de-privacidad\/#breadcrumb\"},\"inLanguage\":\"es\",\"potentialAction\":[{\"@type\":\"ReadAction\",\"target\":[\"https:\/\/turmalina.com\/es\/politicas-de-privacidad\/\"]}]},{\"@type\":\"BreadcrumbList\",\"@id\":\"https:\/\/turmalina.com\/es\/politicas-de-privacidad\/#breadcrumb\",\"itemListElement\":[{\"@type\":\"ListItem\",\"position\":1,\"name\":\"Startseite\",\"item\":\"https:\/\/turmalina.com\/es\/\"},{\"@type\":\"ListItem\",\"position\":2,\"name\":\"Pol\u00edticas de Privacidad\"}]},{\"@type\":\"WebSite\",\"@id\":\"https:\/\/turmalina.com\/es\/#website\",\"url\":\"https:\/\/turmalina.com\/es\/\",\"name\":\"Michaelis\",\"description\":\"Edelsteine\",\"publisher\":{\"@id\":\"https:\/\/turmalina.com\/es\/#organization\"},\"potentialAction\":[{\"@type\":\"SearchAction\",\"target\":{\"@type\":\"EntryPoint\",\"urlTemplate\":\"https:\/\/turmalina.com\/es\/?s={search_term_string}\"},\"query-input\":{\"@type\":\"PropertyValueSpecification\",\"valueRequired\":true,\"valueName\":\"search_term_string\"}}],\"inLanguage\":\"es\"},{\"@type\":\"Organization\",\"@id\":\"https:\/\/turmalina.com\/es\/#organization\",\"name\":\"Michaelis Edelsteine\",\"url\":\"https:\/\/turmalina.com\/es\/\",\"logo\":{\"@type\":\"ImageObject\",\"inLanguage\":\"es\",\"@id\":\"https:\/\/turmalina.com\/es\/#\/schema\/logo\/image\/\",\"url\":\"https:\/\/michaelis.es\/wp-content\/uploads\/2023\/01\/michaelis_favoricon.svg\",\"contentUrl\":\"https:\/\/michaelis.es\/wp-content\/uploads\/2023\/01\/michaelis_favoricon.svg\",\"width\":1,\"height\":1,\"caption\":\"Michaelis Edelsteine\"},\"image\":{\"@id\":\"https:\/\/turmalina.com\/es\/#\/schema\/logo\/image\/\"},\"sameAs\":[\"https:\/\/www.facebook.com\/michaelis.edelsteine\/\"]}]}<\/script>\n<!-- \/ Yoast SEO plugin. -->","yoast_head_json":{"title":"Pol\u00edticas de Privacidad - Michaelis","robots":{"index":"index","follow":"follow","max-snippet":"max-snippet:-1","max-image-preview":"max-image-preview:large","max-video-preview":"max-video-preview:-1"},"canonical":"https:\/\/turmalina.com\/es\/politicas-de-privacidad\/","og_locale":"es_ES","og_type":"article","og_title":"Pol\u00edticas de Privacidad - Michaelis","og_description":"Pol\u00edticas de Privacidad El organismo responsable en t\u00e9rminos de leyes de protecci\u00f3n de datos es: Kerstin Michaelis Recopilar informaci\u00f3n general...","og_url":"https:\/\/turmalina.com\/es\/politicas-de-privacidad\/","og_site_name":"Michaelis","article_publisher":"https:\/\/www.facebook.com\/michaelis.edelsteine\/","article_modified_time":"2024-08-02T16:03:44+00:00","twitter_card":"summary_large_image","twitter_misc":{"Tiempo de lectura":"9 minutos"},"schema":{"@context":"https:\/\/schema.org","@graph":[{"@type":"WebPage","@id":"https:\/\/turmalina.com\/es\/politicas-de-privacidad\/","url":"https:\/\/turmalina.com\/es\/politicas-de-privacidad\/","name":"Pol\u00edticas de Privacidad - Michaelis","isPartOf":{"@id":"https:\/\/turmalina.com\/es\/#website"},"datePublished":"2018-11-21T19:51:42+00:00","dateModified":"2024-08-02T16:03:44+00:00","breadcrumb":{"@id":"https:\/\/turmalina.com\/es\/politicas-de-privacidad\/#breadcrumb"},"inLanguage":"es","potentialAction":[{"@type":"ReadAction","target":["https:\/\/turmalina.com\/es\/politicas-de-privacidad\/"]}]},{"@type":"BreadcrumbList","@id":"https:\/\/turmalina.com\/es\/politicas-de-privacidad\/#breadcrumb","itemListElement":[{"@type":"ListItem","position":1,"name":"Startseite","item":"https:\/\/turmalina.com\/es\/"},{"@type":"ListItem","position":2,"name":"Pol\u00edticas de Privacidad"}]},{"@type":"WebSite","@id":"https:\/\/turmalina.com\/es\/#website","url":"https:\/\/turmalina.com\/es\/","name":"Michaelis","description":"Edelsteine","publisher":{"@id":"https:\/\/turmalina.com\/es\/#organization"},"potentialAction":[{"@type":"SearchAction","target":{"@type":"EntryPoint","urlTemplate":"https:\/\/turmalina.com\/es\/?s={search_term_string}"},"query-input":{"@type":"PropertyValueSpecification","valueRequired":true,"valueName":"search_term_string"}}],"inLanguage":"es"},{"@type":"Organization","@id":"https:\/\/turmalina.com\/es\/#organization","name":"Michaelis Edelsteine","url":"https:\/\/turmalina.com\/es\/","logo":{"@type":"ImageObject","inLanguage":"es","@id":"https:\/\/turmalina.com\/es\/#\/schema\/logo\/image\/","url":"https:\/\/michaelis.es\/wp-content\/uploads\/2023\/01\/michaelis_favoricon.svg","contentUrl":"https:\/\/michaelis.es\/wp-content\/uploads\/2023\/01\/michaelis_favoricon.svg","width":1,"height":1,"caption":"Michaelis Edelsteine"},"image":{"@id":"https:\/\/turmalina.com\/es\/#\/schema\/logo\/image\/"},"sameAs":["https:\/\/www.facebook.com\/michaelis.edelsteine\/"]}]}},"_links":{"self":[{"href":"https:\/\/turmalina.com\/es\/wp-json\/wp\/v2\/pages\/35519","targetHints":{"allow":["GET"]}}],"collection":[{"href":"https:\/\/turmalina.com\/es\/wp-json\/wp\/v2\/pages"}],"about":[{"href":"https:\/\/turmalina.com\/es\/wp-json\/wp\/v2\/types\/page"}],"author":[{"embeddable":true,"href":"https:\/\/turmalina.com\/es\/wp-json\/wp\/v2\/users\/1"}],"replies":[{"embeddable":true,"href":"https:\/\/turmalina.com\/es\/wp-json\/wp\/v2\/comments?post=35519"}],"version-history":[{"count":3,"href":"https:\/\/turmalina.com\/es\/wp-json\/wp\/v2\/pages\/35519\/revisions"}],"predecessor-version":[{"id":38798,"href":"https:\/\/turmalina.com\/es\/wp-json\/wp\/v2\/pages\/35519\/revisions\/38798"}],"wp:attachment":[{"href":"https:\/\/turmalina.com\/es\/wp-json\/wp\/v2\/media?parent=35519"}],"curies":[{"name":"wp","href":"https:\/\/api.w.org\/{rel}","templated":true}]}}