{"id":37156,"date":"2023-02-27T13:15:22","date_gmt":"2023-02-27T13:15:22","guid":{"rendered":"https:\/\/localhost\/?page_id=37156"},"modified":"2023-02-27T16:44:17","modified_gmt":"2023-02-27T16:44:17","slug":"37135-2","status":"publish","type":"page","link":"https:\/\/turmalina.com\/es\/37135-2\/","title":{"rendered":"\u00dcber Uns ES"},"content":{"rendered":"<div class=\"wpb-content-wrapper\"><p>[vc_row][vc_column][vc_column_text]<\/p>\n<div class=\"auto-resizable-iframe\">\n<div><iframe class=\"mccVideoAboutUs\" src=\"https:\/\/www.youtube.com\/embed\/itWj68V8TJQ?iv_ load_policy=3&amp;enablejsapi=1&amp;disablekb=1&amp;autoplay=1&amp;mute=1&amp;controls=1&amp;showinfo=0&amp;rel=0&amp;loop=1&amp;wmode=transparent&amp;origin=https:\/\/turmalina.com\" frameborder=\"0\" allowfullscreen=\"allowfullscreen\"><\/iframe><\/div>\n<\/div>\n<p>[\/vc_column_text][vc_row_inner][vc_column_inner][vc_column_text]<\/p>\n<h2 style=\"text-align: center;\"><span style=\"color: #393d50;\">Bienvenidos a Michaelis<\/span><\/h2>\n<p>[\/vc_column_text][\/vc_column_inner][\/vc_row_inner][vc_row_inner][vc_column_inner][vc_column_text]<\/p>\n<p style=\"text-align: center;\">Michaelis &#8211; Desde hace m\u00e1s de un cuarto de siglo, es nuestro nombre sin\u00f3nimo de turmalinas finas.<br \/>\nLa variedad y el espectro \u00fanico de este milagro de color entre las piedras preciosas, refleja nuestro mundo.<br \/>\nNuestra base es Hamburgo, nuestro lugar de trabajo es el mundo.<br \/>\nEn Sudam\u00e9rica, Asia y \u00c1frica obtenemos los cristales en bruto de estos silicatos coloridos.<br \/>\nNuestros Lapidadores en Brasil y Alemania transforman estas peque\u00f1as maravillas naturales en piedras preciosas.<br \/>\nActualmente nuestras m\u00e1s bellas turmalinas son encontradas en Nigeria.<br \/>\nLos dep\u00f3sitos son peque\u00f1os, por lo que viajamos varias veces al a\u00f1o a las minas en Abuja.<br \/>\nAll\u00ed, los cristales brutos se obtienen de forma manual y respetando el medio Ambiente.<br \/>\nDe vuelta en Alemania, la materia prima se clasifica.<br \/>\nEl aserrado de las piedras en bruto requiere tacto para obtener el color y la luminosidad deseados.<br \/>\n\u00bfQu\u00e9 color del arco iris?, \u00bfqu\u00e9 forma?, \u00bfbrillante y o sedoso?,<br \/>\n\u00bfCollares de piedra o rodajas de mel\u00f3n? finalmente, el gusto personal lo decide.<\/p>\n<p>[\/vc_column_text][\/vc_column_inner][\/vc_row_inner][\/vc_column][\/vc_row]<\/p>\n<\/div>","protected":false},"excerpt":{"rendered":"<p>[vc_row][vc_column][vc_column_text] [\/vc_column_text][vc_row_inner][vc_column_inner][vc_column_text] Bienvenidos a Michaelis [\/vc_column_text][\/vc_column_inner][\/vc_row_inner][vc_row_inner][vc_column_inner][vc_column_text] Michaelis &#8211; Desde hace m\u00e1s de un cuarto de siglo, es nuestro nombre sin\u00f3nimo&#8230;<\/p>\n","protected":false},"author":3,"featured_media":0,"parent":0,"menu_order":0,"comment_status":"closed","ping_status":"closed","template":"","meta":{"footnotes":""},"class_list":["post-37156","page","type-page","status-publish"],"yoast_head":"<!-- This site is optimized with the Yoast SEO plugin v24.2 - https:\/\/yoast.com\/wordpress\/plugins\/seo\/ -->\n<title>\u00dcber Uns ES - Michaelis<\/title>\n<meta name=\"robots\" content=\"index, follow, max-snippet:-1, max-image-preview:large, max-video-preview:-1\" \/>\n<link rel=\"canonical\" href=\"https:\/\/turmalina.com\/es\/37135-2\/\" \/>\n<meta property=\"og:locale\" content=\"es_ES\" \/>\n<meta property=\"og:type\" content=\"article\" \/>\n<meta property=\"og:title\" content=\"\u00dcber Uns ES - Michaelis\" \/>\n<meta property=\"og:description\" content=\"[vc_row][vc_column][vc_column_text] [\/vc_column_text][vc_row_inner][vc_column_inner][vc_column_text] Bienvenidos a Michaelis [\/vc_column_text][\/vc_column_inner][\/vc_row_inner][vc_row_inner][vc_column_inner][vc_column_text] Michaelis &#8211; Desde hace m\u00e1s de un cuarto de siglo, es nuestro nombre sin\u00f3nimo...\" \/>\n<meta property=\"og:url\" content=\"https:\/\/turmalina.com\/es\/37135-2\/\" \/>\n<meta property=\"og:site_name\" content=\"Michaelis\" \/>\n<meta property=\"article:publisher\" content=\"https:\/\/www.facebook.com\/michaelis.edelsteine\/\" \/>\n<meta property=\"article:modified_time\" content=\"2023-02-27T16:44:17+00:00\" \/>\n<meta name=\"twitter:card\" content=\"summary_large_image\" \/>\n<meta name=\"twitter:label1\" content=\"Tiempo de lectura\" \/>\n\t<meta name=\"twitter:data1\" content=\"1 minuto\" \/>\n<script type=\"application\/ld+json\" class=\"yoast-schema-graph\">{\"@context\":\"https:\/\/schema.org\",\"@graph\":[{\"@type\":\"WebPage\",\"@id\":\"https:\/\/turmalina.com\/es\/37135-2\/\",\"url\":\"https:\/\/turmalina.com\/es\/37135-2\/\",\"name\":\"\u00dcber Uns ES - Michaelis\",\"isPartOf\":{\"@id\":\"https:\/\/turmalina.com\/es\/#website\"},\"datePublished\":\"2023-02-27T13:15:22+00:00\",\"dateModified\":\"2023-02-27T16:44:17+00:00\",\"breadcrumb\":{\"@id\":\"https:\/\/turmalina.com\/es\/37135-2\/#breadcrumb\"},\"inLanguage\":\"es\",\"potentialAction\":[{\"@type\":\"ReadAction\",\"target\":[\"https:\/\/turmalina.com\/es\/37135-2\/\"]}]},{\"@type\":\"BreadcrumbList\",\"@id\":\"https:\/\/turmalina.com\/es\/37135-2\/#breadcrumb\",\"itemListElement\":[{\"@type\":\"ListItem\",\"position\":1,\"name\":\"Startseite\",\"item\":\"https:\/\/turmalina.com\/es\/\"},{\"@type\":\"ListItem\",\"position\":2,\"name\":\"\u00dcber Uns ES\"}]},{\"@type\":\"WebSite\",\"@id\":\"https:\/\/turmalina.com\/es\/#website\",\"url\":\"https:\/\/turmalina.com\/es\/\",\"name\":\"Michaelis\",\"description\":\"Edelsteine\",\"publisher\":{\"@id\":\"https:\/\/turmalina.com\/es\/#organization\"},\"potentialAction\":[{\"@type\":\"SearchAction\",\"target\":{\"@type\":\"EntryPoint\",\"urlTemplate\":\"https:\/\/turmalina.com\/es\/?s={search_term_string}\"},\"query-input\":{\"@type\":\"PropertyValueSpecification\",\"valueRequired\":true,\"valueName\":\"search_term_string\"}}],\"inLanguage\":\"es\"},{\"@type\":\"Organization\",\"@id\":\"https:\/\/turmalina.com\/es\/#organization\",\"name\":\"Michaelis Edelsteine\",\"url\":\"https:\/\/turmalina.com\/es\/\",\"logo\":{\"@type\":\"ImageObject\",\"inLanguage\":\"es\",\"@id\":\"https:\/\/turmalina.com\/es\/#\/schema\/logo\/image\/\",\"url\":\"https:\/\/michaelis.es\/wp-content\/uploads\/2023\/01\/michaelis_favoricon.svg\",\"contentUrl\":\"https:\/\/michaelis.es\/wp-content\/uploads\/2023\/01\/michaelis_favoricon.svg\",\"width\":1,\"height\":1,\"caption\":\"Michaelis Edelsteine\"},\"image\":{\"@id\":\"https:\/\/turmalina.com\/es\/#\/schema\/logo\/image\/\"},\"sameAs\":[\"https:\/\/www.facebook.com\/michaelis.edelsteine\/\"]}]}<\/script>\n<!-- \/ Yoast SEO plugin. -->","yoast_head_json":{"title":"\u00dcber Uns ES - Michaelis","robots":{"index":"index","follow":"follow","max-snippet":"max-snippet:-1","max-image-preview":"max-image-preview:large","max-video-preview":"max-video-preview:-1"},"canonical":"https:\/\/turmalina.com\/es\/37135-2\/","og_locale":"es_ES","og_type":"article","og_title":"\u00dcber Uns ES - Michaelis","og_description":"[vc_row][vc_column][vc_column_text] [\/vc_column_text][vc_row_inner][vc_column_inner][vc_column_text] Bienvenidos a Michaelis [\/vc_column_text][\/vc_column_inner][\/vc_row_inner][vc_row_inner][vc_column_inner][vc_column_text] Michaelis &#8211; Desde hace m\u00e1s de un cuarto de siglo, es nuestro nombre sin\u00f3nimo...","og_url":"https:\/\/turmalina.com\/es\/37135-2\/","og_site_name":"Michaelis","article_publisher":"https:\/\/www.facebook.com\/michaelis.edelsteine\/","article_modified_time":"2023-02-27T16:44:17+00:00","twitter_card":"summary_large_image","twitter_misc":{"Tiempo de lectura":"1 minuto"},"schema":{"@context":"https:\/\/schema.org","@graph":[{"@type":"WebPage","@id":"https:\/\/turmalina.com\/es\/37135-2\/","url":"https:\/\/turmalina.com\/es\/37135-2\/","name":"\u00dcber Uns ES - Michaelis","isPartOf":{"@id":"https:\/\/turmalina.com\/es\/#website"},"datePublished":"2023-02-27T13:15:22+00:00","dateModified":"2023-02-27T16:44:17+00:00","breadcrumb":{"@id":"https:\/\/turmalina.com\/es\/37135-2\/#breadcrumb"},"inLanguage":"es","potentialAction":[{"@type":"ReadAction","target":["https:\/\/turmalina.com\/es\/37135-2\/"]}]},{"@type":"BreadcrumbList","@id":"https:\/\/turmalina.com\/es\/37135-2\/#breadcrumb","itemListElement":[{"@type":"ListItem","position":1,"name":"Startseite","item":"https:\/\/turmalina.com\/es\/"},{"@type":"ListItem","position":2,"name":"\u00dcber Uns ES"}]},{"@type":"WebSite","@id":"https:\/\/turmalina.com\/es\/#website","url":"https:\/\/turmalina.com\/es\/","name":"Michaelis","description":"Edelsteine","publisher":{"@id":"https:\/\/turmalina.com\/es\/#organization"},"potentialAction":[{"@type":"SearchAction","target":{"@type":"EntryPoint","urlTemplate":"https:\/\/turmalina.com\/es\/?s={search_term_string}"},"query-input":{"@type":"PropertyValueSpecification","valueRequired":true,"valueName":"search_term_string"}}],"inLanguage":"es"},{"@type":"Organization","@id":"https:\/\/turmalina.com\/es\/#organization","name":"Michaelis Edelsteine","url":"https:\/\/turmalina.com\/es\/","logo":{"@type":"ImageObject","inLanguage":"es","@id":"https:\/\/turmalina.com\/es\/#\/schema\/logo\/image\/","url":"https:\/\/michaelis.es\/wp-content\/uploads\/2023\/01\/michaelis_favoricon.svg","contentUrl":"https:\/\/michaelis.es\/wp-content\/uploads\/2023\/01\/michaelis_favoricon.svg","width":1,"height":1,"caption":"Michaelis Edelsteine"},"image":{"@id":"https:\/\/turmalina.com\/es\/#\/schema\/logo\/image\/"},"sameAs":["https:\/\/www.facebook.com\/michaelis.edelsteine\/"]}]}},"_links":{"self":[{"href":"https:\/\/turmalina.com\/es\/wp-json\/wp\/v2\/pages\/37156","targetHints":{"allow":["GET"]}}],"collection":[{"href":"https:\/\/turmalina.com\/es\/wp-json\/wp\/v2\/pages"}],"about":[{"href":"https:\/\/turmalina.com\/es\/wp-json\/wp\/v2\/types\/page"}],"author":[{"embeddable":true,"href":"https:\/\/turmalina.com\/es\/wp-json\/wp\/v2\/users\/3"}],"replies":[{"embeddable":true,"href":"https:\/\/turmalina.com\/es\/wp-json\/wp\/v2\/comments?post=37156"}],"version-history":[{"count":0,"href":"https:\/\/turmalina.com\/es\/wp-json\/wp\/v2\/pages\/37156\/revisions"}],"wp:attachment":[{"href":"https:\/\/turmalina.com\/es\/wp-json\/wp\/v2\/media?parent=37156"}],"curies":[{"name":"wp","href":"https:\/\/api.w.org\/{rel}","templated":true}]}}