{"id":37166,"date":"2023-02-27T14:49:46","date_gmt":"2023-02-27T14:49:46","guid":{"rendered":"https:\/\/localhost\/?page_id=37166"},"modified":"2023-03-14T17:29:19","modified_gmt":"2023-03-14T17:29:19","slug":"envienos-un-correo-electronico","status":"publish","type":"page","link":"https:\/\/turmalina.com\/es\/envienos-un-correo-electronico\/","title":{"rendered":"Formula De Contacto"},"content":{"rendered":"<div class=\"wpb-content-wrapper\"><p>[vc_row full_width=&#8221;stretch_row&#8221; equal_height=&#8221;yes&#8221; content_placement=&#8221;middle&#8221; css=&#8221;.vc_custom_1578661606383{margin-bottom: 0px !important;padding-top: 40px !important;padding-bottom: 60px !important;background-color: #ffd54f !important;}&#8221;][vc_column offset=&#8221;vc_col-lg-4 vc_col-md-12 vc_col-xs-12&#8243;][vc_column_text css_animation=&#8221;none&#8221;]<\/p>\n<h5 style=\"text-align: center;\"><span class=\"light\" style=\"color: #393d50;\">ESTAMOS AQU\u00cd PARA TI<\/span><\/h5>\n<h5 style=\"text-align: center;\"><span class=\"light\" style=\"color: #393d50;\">LLAMANOS<\/span><\/h5>\n<p>[\/vc_column_text][\/vc_column][vc_column offset=&#8221;vc_col-lg-5 vc_col-md-12 vc_col-xs-12&#8243; css=&#8221;.vc_custom_1583755561894{padding-right: 0px !important;padding-left: 0px !important;}&#8221;][vc_column_text css_animation=&#8221;none&#8221; css=&#8221;.vc_custom_1675026481659{margin-bottom: 10px !important;}&#8221;]<\/p>\n<div class=\"title-h6\" style=\"text-align: center;\"><span style=\"color: #393d50; font-size: 70px;\">PREGUNTAS?<\/span><\/div>\n<p>[\/vc_column_text][\/vc_column][vc_column offset=&#8221;vc_col-lg-3 vc_col-md-12 vc_col-xs-12&#8243;]<div class=\"clearboth\"><\/div><style>#thegem-divider-69e739b1360c4 {margin-top: -13px !important;}<\/style><div id=\"thegem-divider-69e739b1360c4\" class=\"gem-divider  \" style=\"\" ><\/div><style type=\"text\/css\">.thegem-button-69e739b13623e6241.lazy-loading-before-start-animation .lazy-loading-item {opacity: 0;} body.thegem-effects-disabled .thegem-button-69e739b13623e6241.lazy-loading-before-start-animation .lazy-loading-item {opacity: 1;}<\/style><style type=\"text\/css\">.thegem-button-69e739b13623e6241 .gem-button svg {fill: #393d50;}.thegem-button-69e739b13623e6241 .gem-button:hover svg {fill: #ffd54f;}<\/style><div class=\"gem-button-container gem-button-position-center thegem-button-69e739b13623e6241     lazy-loading lazy-loading-before-start-animation\"  ><a class=\"gem-button gem-button-size-medium gem-button-style-outline gem-button-text-weight-thin gem-button-border-1 lazy-loading-item\" data-ll-effect=\"drop-right-without-wrap\" style=\"border-radius: 0px;border-color: #393d50;color: #393d50;\" onmouseleave=\"this.style.borderColor='#393d50';this.style.backgroundColor='transparent';this.style.color='#393d50';\" onmouseenter=\"this.style.borderColor='#393d50';this.style.backgroundColor='#393d50';this.style.color='#ffd54f';\" href=\"#\" target=\"_self\">+49 40 46071660<\/a><\/div> [\/vc_column][\/vc_row][vc_row full_width=&#8221;stretch_row_content_no_spaces&#8221; equal_height=&#8221;yes&#8221; content_placement=&#8221;top&#8221; css=&#8221;.vc_custom_1677454475518{margin-bottom: -120px !important;}&#8221; el_class=&#8221;contact-row&#8221; custom_css_code=&#8221;LmdlbS1pY29uLXNpemUtc21hbGwlN0IlMEElMjAlMjAlMjAlMjBmb250LXNpemUlM0ElMjAxNnB4JTNCJTBBJTdEJTBBLmdlbS1pY29uLXdpdGgtdGV4dCU3QiUwQSUyMCUyMCUyMCUyMG1hcmdpbi1ib3R0b20lM0ElMjAwJTNCJTBBJTdEJTBBLmdlbS1pY29uLXdpdGgtdGV4dC10ZXh0JTIwcCU3QiUwQSUyMCUyMCUyMCUyMG1hcmdpbi1ib3R0b20lM0ElMjAxMnB4JTNCJTIwJTIwJTIwJTIwJTBBJTdE&#8221;][vc_column disable_custom_paddings_tablet=&#8221;true&#8221; disable_custom_paddings_mobile=&#8221;true&#8221; css=&#8221;.vc_custom_1578661630748{margin-top: 0px !important;margin-bottom: 0px !important;padding-top: 100px !important;padding-right: 70px !important;padding-bottom: 70px !important;padding-left: 70px !important;background: #2c2e3d url(https:\/\/turmalina.com\/wp-content\/uploads\/2020\/01\/blocks-image-08.jpg?id=111) !important;background-position: center !important;background-repeat: no-repeat !important;background-size: cover !important;}&#8221; offset=&#8221;vc_col-lg-6 vc_col-md-6 vc_col-xs-12&#8243;]<div class=\"clearboth\"><\/div><style>#thegem-divider-69e739b13629d {margin-top: 180px !important;}<\/style><div id=\"thegem-divider-69e739b13629d\" class=\"gem-divider  hide-on-mobile\" style=\"\" ><\/div><div class=\"gem-image gem-wrapbox gem-wrapbox-style-default gem-wrapbox-position-left\"  style=\"width: 200px;\"><div class=\"gem-wrapbox-inner \" ><img decoding=\"async\" class=\"gem-wrapbox-element img-responsive\" src=\"\" alt=\"\"\/><\/div><\/div><div class=\"clearboth\"><\/div><style>#thegem-divider-69e739b13637b {margin-top: 80px !important;}<\/style><div id=\"thegem-divider-69e739b13637b\" class=\"gem-divider  \" style=\"\" ><\/div>[\/vc_column][vc_column disable_custom_paddings_tablet=&#8221;true&#8221; disable_custom_paddings_mobile=&#8221;true&#8221; css=&#8221;.vc_custom_1578662240128{margin-top: 0px !important;margin-bottom: 0px !important;padding-top: 90px !important;padding-right: 70px !important;padding-left: 70px !important;background-color: #f0f3f2 !important;}&#8221; offset=&#8221;vc_col-lg-6 vc_col-md-6 vc_col-xs-12&#8243;][vc_column_text css_animation=&#8221;none&#8221;]<\/p>\n<h2><span style=\"color: #393d50;\">FORMULARIO <span class=\"light\">DE CONTACTO<\/span><\/span><\/h2>\n<p>[\/vc_column_text][vc_column_text css_animation=&#8221;none&#8221;]<span style=\"color: #5f5f5f;\">Aqu\u00ed puedes enviarnos un email, \u00a1te responderemos lo antes posible!<\/span>[\/vc_column_text]<div class=\"clearboth\"><\/div><style>#thegem-divider-69e739b1363b4 {margin-top: 50px !important;}<\/style><div id=\"thegem-divider-69e739b1363b4\" class=\"gem-divider  \" style=\"\" ><\/div><div class=\"wpforms-container wpforms-container-full\" id=\"wpforms-36996\"><form id=\"wpforms-form-36996\" class=\"wpforms-validate wpforms-form wpforms-ajax-form\" data-formid=\"36996\" method=\"post\" enctype=\"multipart\/form-data\" action=\"\/es\/wp-json\/wp\/v2\/pages\/37166\" data-token=\"cc00cb07706f1c27b285be99b6b7a1ba\" data-token-time=\"1776761265\"><noscript class=\"wpforms-error-noscript\">Por favor, activa JavaScript en tu navegador para completar este formulario.<\/noscript><div class=\"wpforms-field-container\"><div id=\"wpforms-36996-field_0-container\" class=\"wpforms-field wpforms-field-name\" data-field-id=\"0\"><label class=\"wpforms-field-label\" for=\"wpforms-36996-field_0\">Nombre <span class=\"wpforms-required-label\">*<\/span><\/label><input type=\"text\" id=\"wpforms-36996-field_0\" class=\"wpforms-field-medium wpforms-field-required\" name=\"wpforms[fields][0]\" required><\/div><div id=\"wpforms-36996-field_3-container\" class=\"wpforms-field wpforms-field-text\" data-field-id=\"3\"><label class=\"wpforms-field-label\" for=\"wpforms-36996-field_3\">Telefono <span class=\"wpforms-required-label\">*<\/span><\/label><input type=\"text\" id=\"wpforms-36996-field_3\" class=\"wpforms-field-medium wpforms-field-required\" name=\"wpforms[fields][3]\" required><\/div><div id=\"wpforms-36996-field_1-container\" class=\"wpforms-field wpforms-field-email\" data-field-id=\"1\"><label class=\"wpforms-field-label\" for=\"wpforms-36996-field_1\">E-Mail <span class=\"wpforms-required-label\">*<\/span><\/label><input type=\"email\" id=\"wpforms-36996-field_1\" class=\"wpforms-field-medium wpforms-field-required\" name=\"wpforms[fields][1]\" spellcheck=\"false\" required><\/div><div id=\"wpforms-36996-field_2-container\" class=\"wpforms-field wpforms-field-textarea\" data-field-id=\"2\"><label class=\"wpforms-field-label\" for=\"wpforms-36996-field_2\">Mensage o Comentario <span class=\"wpforms-required-label\">*<\/span><\/label><textarea id=\"wpforms-36996-field_2\" class=\"wpforms-field-medium wpforms-field-required\" name=\"wpforms[fields][2]\" required><\/textarea><\/div><\/div><!-- .wpforms-field-container --><div class=\"wpforms-recaptcha-container wpforms-is-recaptcha wpforms-is-recaptcha-type-v3\" ><input type=\"hidden\" name=\"wpforms[recaptcha]\" value=\"\"><\/div><div class=\"wpforms-submit-container\" ><input type=\"hidden\" name=\"wpforms[id]\" value=\"36996\"><input type=\"hidden\" name=\"page_title\" value=\"\"><input type=\"hidden\" name=\"page_url\" value=\"https:\/\/turmalina.com\/es\/wp-json\/wp\/v2\/pages\/37166\"><button type=\"submit\" name=\"wpforms[submit]\" id=\"wpforms-submit-36996\" class=\"wpforms-submit\" data-alt-text=\"Enviando\u2026\" data-submit-text=\"Enviar\" aria-live=\"assertive\" value=\"wpforms-submit\">Enviar<\/button><img decoding=\"async\" src=\"https:\/\/turmalina.com\/wp-content\/plugins\/wpforms-lite\/assets\/images\/submit-spin.svg\" class=\"wpforms-submit-spinner\" style=\"display: none;\" width=\"26\" height=\"26\" alt=\"Cargando\"><\/div><\/form><\/div>  <!-- .wpforms-container -->[\/vc_column][\/vc_row][vc_row full_width=&#8221;stretch_row_content_no_spaces&#8221; equal_height=&#8221;yes&#8221; content_placement=&#8221;top&#8221; css=&#8221;.vc_custom_1583756775812{margin-bottom: 0px !important;}&#8221; el_class=&#8221;contact-row&#8221; custom_css_code=&#8221;LmdlbS1pY29uLXNpemUtc21hbGwlN0IlMEElMjAlMjAlMjAlMjBmb250LXNpemUlM0ElMjAxNnB4JTNCJTBBJTdEJTBBLmdlbS1pY29uLXdpdGgtdGV4dCU3QiUwQSUyMCUyMCUyMCUyMG1hcmdpbi1ib3R0b20lM0ElMjAwJTNCJTBBJTdEJTBBLmdlbS1pY29uLXdpdGgtdGV4dC10ZXh0JTIwcCU3QiUwQSUyMCUyMCUyMCUyMG1hcmdpbi1ib3R0b20lM0ElMjAxMnB4JTNCJTIwJTIwJTIwJTIwJTBBJTdE&#8221;][\/vc_row][vc_row full_width=&#8221;stretch_row_content_no_spaces&#8221; equal_height=&#8221;yes&#8221; content_placement=&#8221;top&#8221; css=&#8221;.vc_custom_1583756775812{margin-bottom: 0px !important;}&#8221; el_class=&#8221;contact-row&#8221; custom_css_code=&#8221;LmdlbS1pY29uLXNpemUtc21hbGwlN0IlMEElMjAlMjAlMjAlMjBmb250LXNpemUlM0ElMjAxNnB4JTNCJTBBJTdEJTBBLmdlbS1pY29uLXdpdGgtdGV4dCU3QiUwQSUyMCUyMCUyMCUyMG1hcmdpbi1ib3R0b20lM0ElMjAwJTNCJTBBJTdEJTBBLmdlbS1pY29uLXdpdGgtdGV4dC10ZXh0JTIwcCU3QiUwQSUyMCUyMCUyMCUyMG1hcmdpbi1ib3R0b20lM0ElMjAxMnB4JTNCJTIwJTIwJTIwJTIwJTBBJTdE&#8221;][\/vc_row][vc_row full_width=&#8221;stretch_row_content_no_spaces&#8221; equal_height=&#8221;yes&#8221; content_placement=&#8221;top&#8221; css=&#8221;.vc_custom_1583756775812{margin-bottom: 0px !important;}&#8221; el_class=&#8221;contact-row&#8221; custom_css_code=&#8221;LmdlbS1pY29uLXNpemUtc21hbGwlN0IlMEElMjAlMjAlMjAlMjBmb250LXNpemUlM0ElMjAxNnB4JTNCJTBBJTdEJTBBLmdlbS1pY29uLXdpdGgtdGV4dCU3QiUwQSUyMCUyMCUyMCUyMG1hcmdpbi1ib3R0b20lM0ElMjAwJTNCJTBBJTdEJTBBLmdlbS1pY29uLXdpdGgtdGV4dC10ZXh0JTIwcCU3QiUwQSUyMCUyMCUyMCUyMG1hcmdpbi1ib3R0b20lM0ElMjAxMnB4JTNCJTIwJTIwJTIwJTIwJTBBJTdE&#8221;][\/vc_row]<\/p>\n<\/div>","protected":false},"excerpt":{"rendered":"<p>[vc_row full_width=&#8221;stretch_row&#8221; equal_height=&#8221;yes&#8221; content_placement=&#8221;middle&#8221; css=&#8221;.vc_custom_1578661606383{margin-bottom: 0px !important;padding-top: 40px !important;padding-bottom: 60px !important;background-color: #ffd54f !important;}&#8221;][vc_column offset=&#8221;vc_col-lg-4 vc_col-md-12 vc_col-xs-12&#8243;][vc_column_text css_animation=&#8221;none&#8221;] ESTAMOS AQU\u00cd PARA&#8230;<\/p>\n","protected":false},"author":5,"featured_media":0,"parent":0,"menu_order":0,"comment_status":"closed","ping_status":"closed","template":"","meta":{"footnotes":""},"class_list":["post-37166","page","type-page","status-publish"],"yoast_head":"<!-- This site is optimized with the Yoast SEO plugin v24.2 - https:\/\/yoast.com\/wordpress\/plugins\/seo\/ -->\n<title>Env\u00edenos un correo electr\u00f3nico - Michaelis<\/title>\n<meta name=\"description\" content=\"Env\u00edenos un correo electr\u00f3nico, un comentario o un mensaje, \u00a1estamos a su disposici\u00f3n! Email: mail@michaelis.es Tel\u00e9fono: +49 40 46071660\" \/>\n<meta name=\"robots\" content=\"index, follow, max-snippet:-1, max-image-preview:large, max-video-preview:-1\" \/>\n<link rel=\"canonical\" href=\"https:\/\/turmalina.com\/es\/envienos-un-correo-electronico\/\" \/>\n<meta property=\"og:locale\" content=\"es_ES\" \/>\n<meta property=\"og:type\" content=\"article\" \/>\n<meta property=\"og:title\" content=\"Env\u00edenos un correo electr\u00f3nico - Michaelis\" \/>\n<meta property=\"og:description\" content=\"Env\u00edenos un correo electr\u00f3nico, un comentario o un mensaje, \u00a1estamos a su disposici\u00f3n! Email: mail@michaelis.es Tel\u00e9fono: +49 40 46071660\" \/>\n<meta property=\"og:url\" content=\"https:\/\/turmalina.com\/es\/envienos-un-correo-electronico\/\" \/>\n<meta property=\"og:site_name\" content=\"Michaelis\" \/>\n<meta property=\"article:publisher\" content=\"https:\/\/www.facebook.com\/michaelis.edelsteine\/\" \/>\n<meta property=\"article:modified_time\" content=\"2023-03-14T17:29:19+00:00\" \/>\n<meta name=\"twitter:card\" content=\"summary_large_image\" \/>\n<meta name=\"twitter:label1\" content=\"Tiempo de lectura\" \/>\n\t<meta name=\"twitter:data1\" content=\"1 minuto\" \/>\n<script type=\"application\/ld+json\" class=\"yoast-schema-graph\">{\"@context\":\"https:\/\/schema.org\",\"@graph\":[{\"@type\":\"WebPage\",\"@id\":\"https:\/\/turmalina.com\/es\/envienos-un-correo-electronico\/\",\"url\":\"https:\/\/turmalina.com\/es\/envienos-un-correo-electronico\/\",\"name\":\"Env\u00edenos un correo electr\u00f3nico - Michaelis\",\"isPartOf\":{\"@id\":\"https:\/\/turmalina.com\/es\/#website\"},\"datePublished\":\"2023-02-27T14:49:46+00:00\",\"dateModified\":\"2023-03-14T17:29:19+00:00\",\"description\":\"Env\u00edenos un correo electr\u00f3nico, un comentario o un mensaje, \u00a1estamos a su disposici\u00f3n! Email: mail@michaelis.es Tel\u00e9fono: +49 40 46071660\",\"breadcrumb\":{\"@id\":\"https:\/\/turmalina.com\/es\/envienos-un-correo-electronico\/#breadcrumb\"},\"inLanguage\":\"es\",\"potentialAction\":[{\"@type\":\"ReadAction\",\"target\":[\"https:\/\/turmalina.com\/es\/envienos-un-correo-electronico\/\"]}]},{\"@type\":\"BreadcrumbList\",\"@id\":\"https:\/\/turmalina.com\/es\/envienos-un-correo-electronico\/#breadcrumb\",\"itemListElement\":[{\"@type\":\"ListItem\",\"position\":1,\"name\":\"Startseite\",\"item\":\"https:\/\/turmalina.com\/es\/\"},{\"@type\":\"ListItem\",\"position\":2,\"name\":\"Formula De Contacto\"}]},{\"@type\":\"WebSite\",\"@id\":\"https:\/\/turmalina.com\/es\/#website\",\"url\":\"https:\/\/turmalina.com\/es\/\",\"name\":\"Michaelis\",\"description\":\"Edelsteine\",\"publisher\":{\"@id\":\"https:\/\/turmalina.com\/es\/#organization\"},\"potentialAction\":[{\"@type\":\"SearchAction\",\"target\":{\"@type\":\"EntryPoint\",\"urlTemplate\":\"https:\/\/turmalina.com\/es\/?s={search_term_string}\"},\"query-input\":{\"@type\":\"PropertyValueSpecification\",\"valueRequired\":true,\"valueName\":\"search_term_string\"}}],\"inLanguage\":\"es\"},{\"@type\":\"Organization\",\"@id\":\"https:\/\/turmalina.com\/es\/#organization\",\"name\":\"Michaelis Edelsteine\",\"url\":\"https:\/\/turmalina.com\/es\/\",\"logo\":{\"@type\":\"ImageObject\",\"inLanguage\":\"es\",\"@id\":\"https:\/\/turmalina.com\/es\/#\/schema\/logo\/image\/\",\"url\":\"https:\/\/michaelis.es\/wp-content\/uploads\/2023\/01\/michaelis_favoricon.svg\",\"contentUrl\":\"https:\/\/michaelis.es\/wp-content\/uploads\/2023\/01\/michaelis_favoricon.svg\",\"width\":1,\"height\":1,\"caption\":\"Michaelis Edelsteine\"},\"image\":{\"@id\":\"https:\/\/turmalina.com\/es\/#\/schema\/logo\/image\/\"},\"sameAs\":[\"https:\/\/www.facebook.com\/michaelis.edelsteine\/\"]}]}<\/script>\n<!-- \/ Yoast SEO plugin. -->","yoast_head_json":{"title":"Env\u00edenos un correo electr\u00f3nico - Michaelis","description":"Env\u00edenos un correo electr\u00f3nico, un comentario o un mensaje, \u00a1estamos a su disposici\u00f3n! Email: mail@michaelis.es Tel\u00e9fono: +49 40 46071660","robots":{"index":"index","follow":"follow","max-snippet":"max-snippet:-1","max-image-preview":"max-image-preview:large","max-video-preview":"max-video-preview:-1"},"canonical":"https:\/\/turmalina.com\/es\/envienos-un-correo-electronico\/","og_locale":"es_ES","og_type":"article","og_title":"Env\u00edenos un correo electr\u00f3nico - Michaelis","og_description":"Env\u00edenos un correo electr\u00f3nico, un comentario o un mensaje, \u00a1estamos a su disposici\u00f3n! Email: mail@michaelis.es Tel\u00e9fono: +49 40 46071660","og_url":"https:\/\/turmalina.com\/es\/envienos-un-correo-electronico\/","og_site_name":"Michaelis","article_publisher":"https:\/\/www.facebook.com\/michaelis.edelsteine\/","article_modified_time":"2023-03-14T17:29:19+00:00","twitter_card":"summary_large_image","twitter_misc":{"Tiempo de lectura":"1 minuto"},"schema":{"@context":"https:\/\/schema.org","@graph":[{"@type":"WebPage","@id":"https:\/\/turmalina.com\/es\/envienos-un-correo-electronico\/","url":"https:\/\/turmalina.com\/es\/envienos-un-correo-electronico\/","name":"Env\u00edenos un correo electr\u00f3nico - Michaelis","isPartOf":{"@id":"https:\/\/turmalina.com\/es\/#website"},"datePublished":"2023-02-27T14:49:46+00:00","dateModified":"2023-03-14T17:29:19+00:00","description":"Env\u00edenos un correo electr\u00f3nico, un comentario o un mensaje, \u00a1estamos a su disposici\u00f3n! Email: mail@michaelis.es Tel\u00e9fono: +49 40 46071660","breadcrumb":{"@id":"https:\/\/turmalina.com\/es\/envienos-un-correo-electronico\/#breadcrumb"},"inLanguage":"es","potentialAction":[{"@type":"ReadAction","target":["https:\/\/turmalina.com\/es\/envienos-un-correo-electronico\/"]}]},{"@type":"BreadcrumbList","@id":"https:\/\/turmalina.com\/es\/envienos-un-correo-electronico\/#breadcrumb","itemListElement":[{"@type":"ListItem","position":1,"name":"Startseite","item":"https:\/\/turmalina.com\/es\/"},{"@type":"ListItem","position":2,"name":"Formula De Contacto"}]},{"@type":"WebSite","@id":"https:\/\/turmalina.com\/es\/#website","url":"https:\/\/turmalina.com\/es\/","name":"Michaelis","description":"Edelsteine","publisher":{"@id":"https:\/\/turmalina.com\/es\/#organization"},"potentialAction":[{"@type":"SearchAction","target":{"@type":"EntryPoint","urlTemplate":"https:\/\/turmalina.com\/es\/?s={search_term_string}"},"query-input":{"@type":"PropertyValueSpecification","valueRequired":true,"valueName":"search_term_string"}}],"inLanguage":"es"},{"@type":"Organization","@id":"https:\/\/turmalina.com\/es\/#organization","name":"Michaelis Edelsteine","url":"https:\/\/turmalina.com\/es\/","logo":{"@type":"ImageObject","inLanguage":"es","@id":"https:\/\/turmalina.com\/es\/#\/schema\/logo\/image\/","url":"https:\/\/michaelis.es\/wp-content\/uploads\/2023\/01\/michaelis_favoricon.svg","contentUrl":"https:\/\/michaelis.es\/wp-content\/uploads\/2023\/01\/michaelis_favoricon.svg","width":1,"height":1,"caption":"Michaelis Edelsteine"},"image":{"@id":"https:\/\/turmalina.com\/es\/#\/schema\/logo\/image\/"},"sameAs":["https:\/\/www.facebook.com\/michaelis.edelsteine\/"]}]}},"_links":{"self":[{"href":"https:\/\/turmalina.com\/es\/wp-json\/wp\/v2\/pages\/37166","targetHints":{"allow":["GET"]}}],"collection":[{"href":"https:\/\/turmalina.com\/es\/wp-json\/wp\/v2\/pages"}],"about":[{"href":"https:\/\/turmalina.com\/es\/wp-json\/wp\/v2\/types\/page"}],"author":[{"embeddable":true,"href":"https:\/\/turmalina.com\/es\/wp-json\/wp\/v2\/users\/5"}],"replies":[{"embeddable":true,"href":"https:\/\/turmalina.com\/es\/wp-json\/wp\/v2\/comments?post=37166"}],"version-history":[{"count":0,"href":"https:\/\/turmalina.com\/es\/wp-json\/wp\/v2\/pages\/37166\/revisions"}],"wp:attachment":[{"href":"https:\/\/turmalina.com\/es\/wp-json\/wp\/v2\/media?parent=37166"}],"curies":[{"name":"wp","href":"https:\/\/api.w.org\/{rel}","templated":true}]}}