{"id":38130,"date":"2023-03-14T15:24:46","date_gmt":"2023-03-14T15:24:46","guid":{"rendered":"http:\/\/localhost\/asi-somos-nosotros\/"},"modified":"2023-03-14T15:46:24","modified_gmt":"2023-03-14T15:46:24","slug":"asi-somos-nosotros","status":"publish","type":"page","link":"https:\/\/turmalina.com\/es\/asi-somos-nosotros\/","title":{"rendered":"Asi Somos nosotros"},"content":{"rendered":"<div class=\"wpb-content-wrapper\"><p>[vc_row full_width=&#8221;stretch_row&#8221; equal_height=&#8221;yes&#8221; css=&#8221;.vc_custom_1583501862074{margin-bottom: 0px !important;background-color: #2c2e3d !important;}&#8221; custom_css_code=&#8221;LmdlbS1kaXZpZGVyJTIwJTdCJTBBJTIwJTIwJTIwJTIwbWFyZ2luLWxlZnQlM0ElMjBhdXRvJTNCJTBBJTIwJTIwJTIwJTIwbWFyZ2luLXJpZ2h0JTNBJTIwYXV0byUzQiUwQSUyMCUyMCUyMCUyMGJvcmRlci13aWR0aCUzQSUyMDJweCUzQiUwQSUyMCUyMCUyMCUyMHdpZHRoJTNBJTIwNTBweCUzQiUwQSU3RA==&#8221;][vc_column]<div class=\"clearboth\"><\/div><style>#thegem-divider-69d798cad241c {margin-top: 85px !important;}<\/style><div id=\"thegem-divider-69d798cad241c\" class=\"gem-divider  \" style=\"\" ><\/div>[vc_column_text]<\/p>\n<div class=\"title-h1\" style=\"text-align: center;\"><span style=\"color: #ffffff;\"><span class=\"light\">BIENVENIDO A <\/span> MICHAELIS<\/span><\/div>\n<p>[\/vc_column_text]<div class=\"clearboth\"><\/div><style>#thegem-divider-69d798cad2487 {margin-top: 25px !important;}#thegem-divider-69d798cad2487 {margin-bottom: 35px !important;}<\/style><div id=\"thegem-divider-69d798cad2487\" class=\"gem-divider  \" style=\"border-color: #00bcd4;\" ><\/div>[vc_row_inner css=&#8221;.vc_custom_1563359692780{margin-bottom: 0px !important;}&#8221;][vc_column_inner disable_custom_paddings_tablet=&#8221;true&#8221; disable_custom_paddings_mobile=&#8221;true&#8221; css=&#8221;.vc_custom_1563362212243{padding-top: 0px !important;}&#8221; offset=&#8221;vc_col-lg-offset-2 vc_col-lg-8&#8243;][vc_column_text]<\/p>\n<div class=\"styled-subtitle\" style=\"text-align: center;\"><span style=\"color: #ffffff;\">Nuestro nombre es sin\u00f3nimo de turmalinas finas desde hace m\u00e1s de 30 a\u00f1os.<\/span><\/div>\n<p style=\"text-align: center;\">[\/vc_column_text][\/vc_column_inner][\/vc_row_inner]<div class=\"clearboth\"><\/div><style>#thegem-divider-69d798cad24be {margin-top: 180px !important;}<\/style><div id=\"thegem-divider-69d798cad24be\" class=\"gem-divider  \" style=\"\" ><\/div>[\/vc_column][\/vc_row][vc_row equal_height=&#8221;yes&#8221; css=&#8221;.vc_custom_1563363592381{margin-bottom: 0px !important;}&#8221; el_class=&#8221;z-index&#8221;][vc_column css=&#8221;.vc_custom_1583501623085{margin-top: -110px !important;padding-top: 0px !important;background-image: url(https:\/\/turmalina.com\/wp-content\/uploads\/2020\/02\/blocks-image-55.jpg?id=897) !important;background-position: center !important;background-repeat: no-repeat !important;background-size: cover !important;}&#8221;][vc_column_text css=&#8221;.vc_custom_1677690968239{margin-top: 30px !important;}&#8221;]<\/p>\n<div class=\"auto-resizable-iframe\" style=\"text-align: center;\">\n<div><iframe class=\"mccVideoAboutUs\" src=\"https:\/\/www.youtube.com\/embed\/itWj68V8TJQ?iv_ load_policy=3&amp;enablejsapi=1&amp;disablekb=1&amp;autoplay=1&amp;mute=1&amp;controls=1&amp;showinfo=0&amp;rel=0&amp;loop=1&amp;wmode=transparent&amp;origin=https:\/\/turmalina.com\" frameborder=\"0\" allowfullscreen=\"allowfullscreen\"><\/iframe><\/div>\n<\/div>\n<p style=\"text-align: center;\">[\/vc_column_text][\/vc_column][vc_column]<div class=\"clearboth\"><\/div><style>#thegem-divider-69d798cad24ec {margin-top: 110px !important;}<\/style><div id=\"thegem-divider-69d798cad24ec\" class=\"gem-divider  \" style=\"\" ><\/div>[vc_column_text]<\/p>\n<div class=\"styled-subtitle\" style=\"text-align: center;\"><span style=\"color: #000000;\">La diversidad y el espectro \u00fanico de esta maravilla crom\u00e1tica entre las piedras preciosas tambi\u00e9n reflejan nuestro trabajo. Con Hamburgo como base, nuestro lugar de trabajo se extiende por todo el mundo. Obtenemos los cristales en bruto de nuestros silicatos de colores de Sudam\u00e9rica, Asia y \u00c1frica, y nuestros talladores de Brasil y Alemania se dedican a transformar estas peque\u00f1as maravillas naturales en finas piedras preciosas. Actualmente, nuestras turmalinas proceden de Nigeria. Sin embargo, los yacimientos son limitados y no siempre accesibles debido a la naturaleza. Por eso viajamos varias veces al a\u00f1o a las minas cercanas a Abuja para procurarnos nuevos cristales en bruto. All\u00ed se extraen de forma respetuosa con el medio ambiente mediante un minucioso trabajo manual. De vuelta a Alemania, la materia prima se clasifica y se prepara para el taller de tallado. Una vez all\u00ed, el aserrado y tallado de las piedras en bruto requiere una gran destreza por parte de nuestros talladores para conseguir el color y la luminosidad deseados. \u00bfQu\u00e9 color del arco iris, qu\u00e9 forma? \u00bfCorte brillante y centelleante o batido sedoso? \u00bfEn cadena o en rodaja de mel\u00f3n? \u00bfCu\u00e1l es su favorito? La gama es amplia y, en \u00faltima instancia, es su gusto personal el que decide.<\/span><\/div>\n<p style=\"text-align: center;\">[\/vc_column_text][\/vc_column][\/vc_row]<\/p>\n<\/div>","protected":false},"excerpt":{"rendered":"<p>[vc_row full_width=&#8221;stretch_row&#8221; equal_height=&#8221;yes&#8221; css=&#8221;.vc_custom_1583501862074{margin-bottom: 0px !important;background-color: #2c2e3d !important;}&#8221; custom_css_code=&#8221;LmdlbS1kaXZpZGVyJTIwJTdCJTBBJTIwJTIwJTIwJTIwbWFyZ2luLWxlZnQlM0ElMjBhdXRvJTNCJTBBJTIwJTIwJTIwJTIwbWFyZ2luLXJpZ2h0JTNBJTIwYXV0byUzQiUwQSUyMCUyMCUyMCUyMGJvcmRlci13aWR0aCUzQSUyMDJweCUzQiUwQSUyMCUyMCUyMCUyMHdpZHRoJTNBJTIwNTBweCUzQiUwQSU3RA==&#8221;][vc_column][vc_column_text] BIENVENIDO A MICHAELIS [\/vc_column_text][vc_row_inner css=&#8221;.vc_custom_1563359692780{margin-bottom: 0px !important;}&#8221;][vc_column_inner disable_custom_paddings_tablet=&#8221;true&#8221; disable_custom_paddings_mobile=&#8221;true&#8221; css=&#8221;.vc_custom_1563362212243{padding-top: 0px&#8230;<\/p>\n","protected":false},"author":3,"featured_media":0,"parent":0,"menu_order":0,"comment_status":"closed","ping_status":"closed","template":"","meta":{"footnotes":""},"class_list":["post-38130","page","type-page","status-publish"],"yoast_head":"<!-- This site is optimized with the Yoast SEO plugin v24.2 - https:\/\/yoast.com\/wordpress\/plugins\/seo\/ -->\n<title>Asi Somos nosotros - Michaelis<\/title>\n<meta name=\"description\" content=\"Asi Somos nosotros. M\u00e1s de 30 a\u00f1os de experiencia en el comercio de piedras preciosas de turmalina: as\u00ed es Michaelis Gemas.\" \/>\n<meta name=\"robots\" content=\"index, follow, max-snippet:-1, max-image-preview:large, max-video-preview:-1\" \/>\n<link rel=\"canonical\" href=\"https:\/\/turmalina.com\/es\/asi-somos-nosotros\/\" \/>\n<meta property=\"og:locale\" content=\"es_ES\" \/>\n<meta property=\"og:type\" content=\"article\" \/>\n<meta property=\"og:title\" content=\"Asi Somos nosotros - Michaelis\" \/>\n<meta property=\"og:description\" content=\"Asi Somos nosotros. M\u00e1s de 30 a\u00f1os de experiencia en el comercio de piedras preciosas de turmalina: as\u00ed es Michaelis Gemas.\" \/>\n<meta property=\"og:url\" content=\"https:\/\/turmalina.com\/es\/asi-somos-nosotros\/\" \/>\n<meta property=\"og:site_name\" content=\"Michaelis\" \/>\n<meta property=\"article:publisher\" content=\"https:\/\/www.facebook.com\/michaelis.edelsteine\/\" \/>\n<meta property=\"article:modified_time\" content=\"2023-03-14T15:46:24+00:00\" \/>\n<meta name=\"twitter:card\" content=\"summary_large_image\" \/>\n<meta name=\"twitter:label1\" content=\"Tiempo de lectura\" \/>\n\t<meta name=\"twitter:data1\" content=\"2 minutos\" \/>\n<script type=\"application\/ld+json\" class=\"yoast-schema-graph\">{\"@context\":\"https:\/\/schema.org\",\"@graph\":[{\"@type\":\"WebPage\",\"@id\":\"https:\/\/turmalina.com\/es\/asi-somos-nosotros\/\",\"url\":\"https:\/\/turmalina.com\/es\/asi-somos-nosotros\/\",\"name\":\"Asi Somos nosotros - Michaelis\",\"isPartOf\":{\"@id\":\"https:\/\/turmalina.com\/es\/#website\"},\"datePublished\":\"2023-03-14T15:24:46+00:00\",\"dateModified\":\"2023-03-14T15:46:24+00:00\",\"description\":\"Asi Somos nosotros. M\u00e1s de 30 a\u00f1os de experiencia en el comercio de piedras preciosas de turmalina: as\u00ed es Michaelis Gemas.\",\"breadcrumb\":{\"@id\":\"https:\/\/turmalina.com\/es\/asi-somos-nosotros\/#breadcrumb\"},\"inLanguage\":\"es\",\"potentialAction\":[{\"@type\":\"ReadAction\",\"target\":[\"https:\/\/turmalina.com\/es\/asi-somos-nosotros\/\"]}]},{\"@type\":\"BreadcrumbList\",\"@id\":\"https:\/\/turmalina.com\/es\/asi-somos-nosotros\/#breadcrumb\",\"itemListElement\":[{\"@type\":\"ListItem\",\"position\":1,\"name\":\"Startseite\",\"item\":\"https:\/\/turmalina.com\/es\/\"},{\"@type\":\"ListItem\",\"position\":2,\"name\":\"Asi Somos nosotros\"}]},{\"@type\":\"WebSite\",\"@id\":\"https:\/\/turmalina.com\/es\/#website\",\"url\":\"https:\/\/turmalina.com\/es\/\",\"name\":\"Michaelis\",\"description\":\"Edelsteine\",\"publisher\":{\"@id\":\"https:\/\/turmalina.com\/es\/#organization\"},\"potentialAction\":[{\"@type\":\"SearchAction\",\"target\":{\"@type\":\"EntryPoint\",\"urlTemplate\":\"https:\/\/turmalina.com\/es\/?s={search_term_string}\"},\"query-input\":{\"@type\":\"PropertyValueSpecification\",\"valueRequired\":true,\"valueName\":\"search_term_string\"}}],\"inLanguage\":\"es\"},{\"@type\":\"Organization\",\"@id\":\"https:\/\/turmalina.com\/es\/#organization\",\"name\":\"Michaelis Edelsteine\",\"url\":\"https:\/\/turmalina.com\/es\/\",\"logo\":{\"@type\":\"ImageObject\",\"inLanguage\":\"es\",\"@id\":\"https:\/\/turmalina.com\/es\/#\/schema\/logo\/image\/\",\"url\":\"https:\/\/michaelis.es\/wp-content\/uploads\/2023\/01\/michaelis_favoricon.svg\",\"contentUrl\":\"https:\/\/michaelis.es\/wp-content\/uploads\/2023\/01\/michaelis_favoricon.svg\",\"width\":1,\"height\":1,\"caption\":\"Michaelis Edelsteine\"},\"image\":{\"@id\":\"https:\/\/turmalina.com\/es\/#\/schema\/logo\/image\/\"},\"sameAs\":[\"https:\/\/www.facebook.com\/michaelis.edelsteine\/\"]}]}<\/script>\n<!-- \/ Yoast SEO plugin. -->","yoast_head_json":{"title":"Asi Somos nosotros - Michaelis","description":"Asi Somos nosotros. M\u00e1s de 30 a\u00f1os de experiencia en el comercio de piedras preciosas de turmalina: as\u00ed es Michaelis Gemas.","robots":{"index":"index","follow":"follow","max-snippet":"max-snippet:-1","max-image-preview":"max-image-preview:large","max-video-preview":"max-video-preview:-1"},"canonical":"https:\/\/turmalina.com\/es\/asi-somos-nosotros\/","og_locale":"es_ES","og_type":"article","og_title":"Asi Somos nosotros - Michaelis","og_description":"Asi Somos nosotros. M\u00e1s de 30 a\u00f1os de experiencia en el comercio de piedras preciosas de turmalina: as\u00ed es Michaelis Gemas.","og_url":"https:\/\/turmalina.com\/es\/asi-somos-nosotros\/","og_site_name":"Michaelis","article_publisher":"https:\/\/www.facebook.com\/michaelis.edelsteine\/","article_modified_time":"2023-03-14T15:46:24+00:00","twitter_card":"summary_large_image","twitter_misc":{"Tiempo de lectura":"2 minutos"},"schema":{"@context":"https:\/\/schema.org","@graph":[{"@type":"WebPage","@id":"https:\/\/turmalina.com\/es\/asi-somos-nosotros\/","url":"https:\/\/turmalina.com\/es\/asi-somos-nosotros\/","name":"Asi Somos nosotros - Michaelis","isPartOf":{"@id":"https:\/\/turmalina.com\/es\/#website"},"datePublished":"2023-03-14T15:24:46+00:00","dateModified":"2023-03-14T15:46:24+00:00","description":"Asi Somos nosotros. M\u00e1s de 30 a\u00f1os de experiencia en el comercio de piedras preciosas de turmalina: as\u00ed es Michaelis Gemas.","breadcrumb":{"@id":"https:\/\/turmalina.com\/es\/asi-somos-nosotros\/#breadcrumb"},"inLanguage":"es","potentialAction":[{"@type":"ReadAction","target":["https:\/\/turmalina.com\/es\/asi-somos-nosotros\/"]}]},{"@type":"BreadcrumbList","@id":"https:\/\/turmalina.com\/es\/asi-somos-nosotros\/#breadcrumb","itemListElement":[{"@type":"ListItem","position":1,"name":"Startseite","item":"https:\/\/turmalina.com\/es\/"},{"@type":"ListItem","position":2,"name":"Asi Somos nosotros"}]},{"@type":"WebSite","@id":"https:\/\/turmalina.com\/es\/#website","url":"https:\/\/turmalina.com\/es\/","name":"Michaelis","description":"Edelsteine","publisher":{"@id":"https:\/\/turmalina.com\/es\/#organization"},"potentialAction":[{"@type":"SearchAction","target":{"@type":"EntryPoint","urlTemplate":"https:\/\/turmalina.com\/es\/?s={search_term_string}"},"query-input":{"@type":"PropertyValueSpecification","valueRequired":true,"valueName":"search_term_string"}}],"inLanguage":"es"},{"@type":"Organization","@id":"https:\/\/turmalina.com\/es\/#organization","name":"Michaelis Edelsteine","url":"https:\/\/turmalina.com\/es\/","logo":{"@type":"ImageObject","inLanguage":"es","@id":"https:\/\/turmalina.com\/es\/#\/schema\/logo\/image\/","url":"https:\/\/michaelis.es\/wp-content\/uploads\/2023\/01\/michaelis_favoricon.svg","contentUrl":"https:\/\/michaelis.es\/wp-content\/uploads\/2023\/01\/michaelis_favoricon.svg","width":1,"height":1,"caption":"Michaelis Edelsteine"},"image":{"@id":"https:\/\/turmalina.com\/es\/#\/schema\/logo\/image\/"},"sameAs":["https:\/\/www.facebook.com\/michaelis.edelsteine\/"]}]}},"_links":{"self":[{"href":"https:\/\/turmalina.com\/es\/wp-json\/wp\/v2\/pages\/38130","targetHints":{"allow":["GET"]}}],"collection":[{"href":"https:\/\/turmalina.com\/es\/wp-json\/wp\/v2\/pages"}],"about":[{"href":"https:\/\/turmalina.com\/es\/wp-json\/wp\/v2\/types\/page"}],"author":[{"embeddable":true,"href":"https:\/\/turmalina.com\/es\/wp-json\/wp\/v2\/users\/3"}],"replies":[{"embeddable":true,"href":"https:\/\/turmalina.com\/es\/wp-json\/wp\/v2\/comments?post=38130"}],"version-history":[{"count":0,"href":"https:\/\/turmalina.com\/es\/wp-json\/wp\/v2\/pages\/38130\/revisions"}],"wp:attachment":[{"href":"https:\/\/turmalina.com\/es\/wp-json\/wp\/v2\/media?parent=38130"}],"curies":[{"name":"wp","href":"https:\/\/api.w.org\/{rel}","templated":true}]}}