{"id":37969,"date":"2018-11-29T00:38:51","date_gmt":"2018-11-29T00:38:51","guid":{"rendered":"http:\/\/localhost\/produkt\/lagrima-gota-pera-turmalina-gemas\/"},"modified":"2023-03-27T16:04:23","modified_gmt":"2023-03-27T16:04:23","slug":"lagrima-gota-pera-turmalina-gemas","status":"publish","type":"product","link":"https:\/\/turmalina.com\/es\/producto\/lagrima-gota-pera-turmalina-gemas\/","title":{"rendered":"L\u00e1grima"},"content":{"rendered":"<p>L\u00e1grima Gota Pera <a href=\"https:\/\/turmalina.com\/es\/etiqueta-producto\/turmalina-piedras-preciosas-gemas\/\">Turmalina<\/a> Gemas<br \/>\nLa <a href=\"https:\/\/turmalina.com\/es\/etiqueta-producto\/turmalina-talla-lagrima-piedras-preciosas\/\">talla L\u00e1grima<\/a> Cl\u00e1sica se ofrece en diferentes <a href=\"https:\/\/turmalina.com\/es\/etiqueta-producto\/piedras-preciosas-facetadas-turmalina\/\">facetas<\/a>. Son especialmente populares las variantes con muchas peque\u00f1as facetas en forma de diamante en la corona -la parte superior de la piedra preciosa junto a la mesa- y en el pabell\u00f3n, el cuerpo de la piedra. Estas facetas crean un brillo c\u00e1lido y multicolor. Como alternativa, tambi\u00e9n se ofrece el facetado Brillante, que da una impresi\u00f3n m\u00e1s fr\u00eda y llamativa y se deriva de la talla redonda. Las gotas son excelentes en parejas para joyer\u00eda de oreja o individualmente como colgantes.<br \/>\n<a href=\"https:\/\/es.wikipedia.org\/wiki\/Turmalina\">El Grupo de las Turmalinas<\/a> &#8211; <a href=\"https:\/\/turmalina.com\/es\/etiqueta-producto\/propriedades-de-la-turmalina\/\">Propriedades de las Turmalinas<\/a><\/p>\n","protected":false},"excerpt":{"rendered":"<p>[vc_row content_placement=&#8221;middle&#8221; background_position_tablet=&#8221;center center&#8221;][vc_column width=&#8221;3\/4&#8243;][vc_row_inner content_placement=&#8221;middle&#8221; background_position_desktop=&#8221;center center&#8221; background_position_tablet=&#8221;center center&#8221; background_position_mobile=&#8221;center center&#8221;][vc_column_inner width=&#8221;1\/2&#8243;][gem_divider][vc_column_text]<\/p>\n<div class=\"title-h6\" style=\"text-align: center;\">Tipo de Corte<\/div>\n<p>[\/vc_column_text][gem_divider][vc_column_text]<img decoding=\"async\" class=\"wp-image-37452 aligncenter\" src=\"https:\/\/turmalina.com\/wp-content\/uploads\/2018\/12\/Tropfen.Classic.Cut_.svg\" alt=\"Tropfen.Classic.Cut\" width=\"221\" height=\"294\" \/>[\/vc_column_text][\/vc_column_inner][vc_column_inner width=&#8221;1\/2&#8243;][gem_divider][vc_column_text]<\/p>\n<div class=\"title-h6\" style=\"text-align: center;\">Tabla de tama\u00f1os y pesos<\/div>\n<p>[\/vc_column_text][gem_divider][gem_table row_headers=\"1\"]<\/p>\n<div class=\"small-body\">\n<table style=\"width: 100%;\">\n<thead>\n<tr>\n<th>\n<h6>MM<\/h6>\n<\/th>\n<th>\n<h6>Ct.<\/h6>\n<\/th>\n<\/tr>\n<\/thead>\n<tbody>\n<tr>\n<td style=\"text-align: center;\">\n<div>2&#215;4 mm<\/div>\n<\/td>\n<td style=\"text-align: center;\">\n<div>0,15 ct.<\/div>\n<\/td>\n<\/tr>\n<tr>\n<td style=\"text-align: center;\">\n<div>3&#215;6 mm<\/div>\n<\/td>\n<td style=\"text-align: center;\">\n<div>0,2 ct.<\/div>\n<\/td>\n<\/tr>\n<tr>\n<td style=\"text-align: center;\">\n<div>4&#215;8 mm<\/div>\n<\/td>\n<td style=\"text-align: center;\">\n<div>0,3 ct.<\/div>\n<\/td>\n<\/tr>\n<tr>\n<td style=\"text-align: center;\">\n<div>5\u00d710 mm<\/div>\n<\/td>\n<td style=\"text-align: center;\">0,5 ct.<\/td>\n<\/tr>\n<tr>\n<td style=\"text-align: center;\">\n<div>6\u00d712 mm<\/div>\n<\/td>\n<td style=\"text-align: center;\">1 ct.<\/td>\n<\/tr>\n<tr>\n<td style=\"text-align: center;\">\n<div>7\u00d714 mm<\/div>\n<\/td>\n<td style=\"text-align: center;\">\n<div>1,5 ct.<\/div>\n<\/td>\n<\/tr>\n<tr>\n<td style=\"text-align: center;\">8\u00d716 mm<\/td>\n<td style=\"text-align: center;\">\n<div>2 ct.<\/div>\n<\/td>\n<\/tr>\n<tr>\n<td style=\"text-align: center;\">\n<div>9\u00d718 mm<\/div>\n<\/td>\n<td style=\"text-align: center;\">\n<div>3 ct.<\/div>\n<\/td>\n<\/tr>\n<tr>\n<td style=\"text-align: center;\">\n<div>10\u00d720 mm<\/div>\n<\/td>\n<td style=\"text-align: center;\">\n<div>4 ct.<\/div>\n<\/td>\n<\/tr>\n<\/tbody>\n<\/table>\n<\/div>\n<p>[\/gem_table][\/vc_column_inner][\/vc_row_inner][vc_column_text]<\/p>\n<div class=\"title-h6 title-h4 title-h1\" style=\"text-align: center;\">Tabla de colores<\/div>\n<p><img decoding=\"async\" class=\"alignnone wp-image-37226 size-full\" src=\"https:\/\/turmalina.com\/wp-content\/uploads\/2023\/02\/Farbtabelle2.svg\" alt=\"\" width=\"867\" height=\"613\" \/><\/p>\n<div class=\"image-popup\"><\/div>\n<p><strong>Los colores de nuestras Turmalinas son naturales y el especial de esta Piedra Preciosa. Pueden diferir de la Tabla.<\/strong>[\/vc_column_text][\/vc_column][\/vc_row]<\/p>\n","protected":false},"featured_media":38627,"template":"","meta":[],"product_cat":[439],"product_tag":[557,546,604,563,600,554],"class_list":{"0":"post-37969","1":"product","2":"type-product","3":"status-publish","4":"has-post-thumbnail","6":"product_cat-turmalina-facetada-piedras-preciosas","7":"product_tag-piedras-preciosas-facetadas-turmalina","8":"product_tag-propriedades-de-la-turmalina","9":"product_tag-turmalina-talla-lagrima-piedras-preciosas","10":"product_tag-turmalina-talla-pera-gemas","11":"product_tag-piedras-preciosas-tallas-clasicas-turmalina-facetada","12":"product_tag-turmalina-piedras-preciosas-gemas","14":"first","15":"instock","16":"shipping-taxable","17":"product-type-simple"},"yoast_head":"<!-- This site is optimized with the Yoast SEO plugin v24.2 - https:\/\/yoast.com\/wordpress\/plugins\/seo\/ -->\n<title>L\u00e1grima Gota Pera Turmalina Gemas - Michaelis Edelsteine<\/title>\n<meta name=\"description\" content=\"L\u00e1grima Gota Pera Turmalina Gemas, Descubra La cl\u00e1sica talla gota, se ofrece en diferentes facetas Colores y Medidas. \u00a1P\u00eddela ya!\" \/>\n<meta name=\"robots\" content=\"index, follow, max-snippet:-1, max-image-preview:large, max-video-preview:-1\" \/>\n<link rel=\"canonical\" href=\"https:\/\/turmalina.com\/es\/producto\/lagrima-gota-pera-turmalina-gemas\/\" \/>\n<meta property=\"og:locale\" content=\"es_ES\" \/>\n<meta property=\"og:type\" content=\"article\" \/>\n<meta property=\"og:title\" content=\"L\u00e1grima Gota Pera Turmalina Gemas - Michaelis Edelsteine\" \/>\n<meta property=\"og:description\" content=\"L\u00e1grima Gota Pera Turmalina Gemas, Descubra La cl\u00e1sica talla gota, se ofrece en diferentes facetas Colores y Medidas. \u00a1P\u00eddela ya!\" \/>\n<meta property=\"og:url\" content=\"https:\/\/turmalina.com\/es\/producto\/lagrima-gota-pera-turmalina-gemas\/\" \/>\n<meta property=\"og:site_name\" content=\"Michaelis\" \/>\n<meta property=\"article:publisher\" content=\"https:\/\/www.facebook.com\/michaelis.edelsteine\/\" \/>\n<meta property=\"article:modified_time\" content=\"2023-03-27T16:04:23+00:00\" \/>\n<meta property=\"og:image\" content=\"https:\/\/turmalina.com\/wp-content\/uploads\/2023\/03\/Lagrima-Gota-Pera-Turmalina-Gemas.webp\" \/>\n\t<meta property=\"og:image:width\" content=\"496\" \/>\n\t<meta property=\"og:image:height\" content=\"583\" \/>\n\t<meta property=\"og:image:type\" content=\"image\/webp\" \/>\n<meta name=\"twitter:card\" content=\"summary_large_image\" \/>\n<meta name=\"twitter:label1\" content=\"Tiempo de lectura\" \/>\n\t<meta name=\"twitter:data1\" content=\"1 minuto\" \/>\n<script type=\"application\/ld+json\" class=\"yoast-schema-graph\">{\"@context\":\"https:\/\/schema.org\",\"@graph\":[{\"@type\":\"WebPage\",\"@id\":\"https:\/\/turmalina.com\/es\/producto\/lagrima-gota-pera-turmalina-gemas\/\",\"url\":\"https:\/\/turmalina.com\/es\/producto\/lagrima-gota-pera-turmalina-gemas\/\",\"name\":\"L\u00e1grima Gota Pera Turmalina Gemas - Michaelis Edelsteine\",\"isPartOf\":{\"@id\":\"https:\/\/turmalina.com\/es\/#website\"},\"primaryImageOfPage\":{\"@id\":\"https:\/\/turmalina.com\/es\/producto\/lagrima-gota-pera-turmalina-gemas\/#primaryimage\"},\"image\":{\"@id\":\"https:\/\/turmalina.com\/es\/producto\/lagrima-gota-pera-turmalina-gemas\/#primaryimage\"},\"thumbnailUrl\":\"https:\/\/turmalina.com\/wp-content\/uploads\/2023\/03\/Lagrima-Gota-Pera-Turmalina-Gemas.webp\",\"datePublished\":\"2018-11-29T00:38:51+00:00\",\"dateModified\":\"2023-03-27T16:04:23+00:00\",\"description\":\"L\u00e1grima Gota Pera Turmalina Gemas, Descubra La cl\u00e1sica talla gota, se ofrece en diferentes facetas Colores y Medidas. \u00a1P\u00eddela ya!\",\"breadcrumb\":{\"@id\":\"https:\/\/turmalina.com\/es\/producto\/lagrima-gota-pera-turmalina-gemas\/#breadcrumb\"},\"inLanguage\":\"es\",\"potentialAction\":[{\"@type\":\"ReadAction\",\"target\":[\"https:\/\/turmalina.com\/es\/producto\/lagrima-gota-pera-turmalina-gemas\/\"]}]},{\"@type\":\"ImageObject\",\"inLanguage\":\"es\",\"@id\":\"https:\/\/turmalina.com\/es\/producto\/lagrima-gota-pera-turmalina-gemas\/#primaryimage\",\"url\":\"https:\/\/turmalina.com\/wp-content\/uploads\/2023\/03\/Lagrima-Gota-Pera-Turmalina-Gemas.webp\",\"contentUrl\":\"https:\/\/turmalina.com\/wp-content\/uploads\/2023\/03\/Lagrima-Gota-Pera-Turmalina-Gemas.webp\",\"width\":496,\"height\":583,\"caption\":\"L\u00e1grima Gota Pera Turmalina Gemas\"},{\"@type\":\"BreadcrumbList\",\"@id\":\"https:\/\/turmalina.com\/es\/producto\/lagrima-gota-pera-turmalina-gemas\/#breadcrumb\",\"itemListElement\":[{\"@type\":\"ListItem\",\"position\":1,\"name\":\"Startseite\",\"item\":\"https:\/\/turmalina.com\/es\/\"},{\"@type\":\"ListItem\",\"position\":2,\"name\":\"Productos\",\"item\":\"https:\/\/turmalina.com\/produkte\/\"},{\"@type\":\"ListItem\",\"position\":3,\"name\":\"piedras preciosas facetadas\",\"item\":\"https:\/\/turmalina.com\/es\/etiqueta-producto\/piedras-preciosas-facetadas-turmalina\/\"},{\"@type\":\"ListItem\",\"position\":4,\"name\":\"L\u00e1grima\"}]},{\"@type\":\"WebSite\",\"@id\":\"https:\/\/turmalina.com\/es\/#website\",\"url\":\"https:\/\/turmalina.com\/es\/\",\"name\":\"Michaelis\",\"description\":\"Edelsteine\",\"publisher\":{\"@id\":\"https:\/\/turmalina.com\/es\/#organization\"},\"potentialAction\":[{\"@type\":\"SearchAction\",\"target\":{\"@type\":\"EntryPoint\",\"urlTemplate\":\"https:\/\/turmalina.com\/es\/?s={search_term_string}\"},\"query-input\":{\"@type\":\"PropertyValueSpecification\",\"valueRequired\":true,\"valueName\":\"search_term_string\"}}],\"inLanguage\":\"es\"},{\"@type\":\"Organization\",\"@id\":\"https:\/\/turmalina.com\/es\/#organization\",\"name\":\"Michaelis Edelsteine\",\"url\":\"https:\/\/turmalina.com\/es\/\",\"logo\":{\"@type\":\"ImageObject\",\"inLanguage\":\"es\",\"@id\":\"https:\/\/turmalina.com\/es\/#\/schema\/logo\/image\/\",\"url\":\"https:\/\/michaelis.es\/wp-content\/uploads\/2023\/01\/michaelis_favoricon.svg\",\"contentUrl\":\"https:\/\/michaelis.es\/wp-content\/uploads\/2023\/01\/michaelis_favoricon.svg\",\"width\":1,\"height\":1,\"caption\":\"Michaelis Edelsteine\"},\"image\":{\"@id\":\"https:\/\/turmalina.com\/es\/#\/schema\/logo\/image\/\"},\"sameAs\":[\"https:\/\/www.facebook.com\/michaelis.edelsteine\/\"]}]}<\/script>\n<!-- \/ Yoast SEO plugin. -->","yoast_head_json":{"title":"L\u00e1grima Gota Pera Turmalina Gemas - Michaelis Edelsteine","description":"L\u00e1grima Gota Pera Turmalina Gemas, Descubra La cl\u00e1sica talla gota, se ofrece en diferentes facetas Colores y Medidas. \u00a1P\u00eddela ya!","robots":{"index":"index","follow":"follow","max-snippet":"max-snippet:-1","max-image-preview":"max-image-preview:large","max-video-preview":"max-video-preview:-1"},"canonical":"https:\/\/turmalina.com\/es\/producto\/lagrima-gota-pera-turmalina-gemas\/","og_locale":"es_ES","og_type":"article","og_title":"L\u00e1grima Gota Pera Turmalina Gemas - Michaelis Edelsteine","og_description":"L\u00e1grima Gota Pera Turmalina Gemas, Descubra La cl\u00e1sica talla gota, se ofrece en diferentes facetas Colores y Medidas. \u00a1P\u00eddela ya!","og_url":"https:\/\/turmalina.com\/es\/producto\/lagrima-gota-pera-turmalina-gemas\/","og_site_name":"Michaelis","article_publisher":"https:\/\/www.facebook.com\/michaelis.edelsteine\/","article_modified_time":"2023-03-27T16:04:23+00:00","og_image":[{"width":496,"height":583,"url":"https:\/\/turmalina.com\/wp-content\/uploads\/2023\/03\/Lagrima-Gota-Pera-Turmalina-Gemas.webp","type":"image\/webp"}],"twitter_card":"summary_large_image","twitter_misc":{"Tiempo de lectura":"1 minuto"},"schema":{"@context":"https:\/\/schema.org","@graph":[{"@type":"WebPage","@id":"https:\/\/turmalina.com\/es\/producto\/lagrima-gota-pera-turmalina-gemas\/","url":"https:\/\/turmalina.com\/es\/producto\/lagrima-gota-pera-turmalina-gemas\/","name":"L\u00e1grima Gota Pera Turmalina Gemas - Michaelis Edelsteine","isPartOf":{"@id":"https:\/\/turmalina.com\/es\/#website"},"primaryImageOfPage":{"@id":"https:\/\/turmalina.com\/es\/producto\/lagrima-gota-pera-turmalina-gemas\/#primaryimage"},"image":{"@id":"https:\/\/turmalina.com\/es\/producto\/lagrima-gota-pera-turmalina-gemas\/#primaryimage"},"thumbnailUrl":"https:\/\/turmalina.com\/wp-content\/uploads\/2023\/03\/Lagrima-Gota-Pera-Turmalina-Gemas.webp","datePublished":"2018-11-29T00:38:51+00:00","dateModified":"2023-03-27T16:04:23+00:00","description":"L\u00e1grima Gota Pera Turmalina Gemas, Descubra La cl\u00e1sica talla gota, se ofrece en diferentes facetas Colores y Medidas. \u00a1P\u00eddela ya!","breadcrumb":{"@id":"https:\/\/turmalina.com\/es\/producto\/lagrima-gota-pera-turmalina-gemas\/#breadcrumb"},"inLanguage":"es","potentialAction":[{"@type":"ReadAction","target":["https:\/\/turmalina.com\/es\/producto\/lagrima-gota-pera-turmalina-gemas\/"]}]},{"@type":"ImageObject","inLanguage":"es","@id":"https:\/\/turmalina.com\/es\/producto\/lagrima-gota-pera-turmalina-gemas\/#primaryimage","url":"https:\/\/turmalina.com\/wp-content\/uploads\/2023\/03\/Lagrima-Gota-Pera-Turmalina-Gemas.webp","contentUrl":"https:\/\/turmalina.com\/wp-content\/uploads\/2023\/03\/Lagrima-Gota-Pera-Turmalina-Gemas.webp","width":496,"height":583,"caption":"L\u00e1grima Gota Pera Turmalina Gemas"},{"@type":"BreadcrumbList","@id":"https:\/\/turmalina.com\/es\/producto\/lagrima-gota-pera-turmalina-gemas\/#breadcrumb","itemListElement":[{"@type":"ListItem","position":1,"name":"Startseite","item":"https:\/\/turmalina.com\/es\/"},{"@type":"ListItem","position":2,"name":"Productos","item":"https:\/\/turmalina.com\/produkte\/"},{"@type":"ListItem","position":3,"name":"piedras preciosas facetadas","item":"https:\/\/turmalina.com\/es\/etiqueta-producto\/piedras-preciosas-facetadas-turmalina\/"},{"@type":"ListItem","position":4,"name":"L\u00e1grima"}]},{"@type":"WebSite","@id":"https:\/\/turmalina.com\/es\/#website","url":"https:\/\/turmalina.com\/es\/","name":"Michaelis","description":"Edelsteine","publisher":{"@id":"https:\/\/turmalina.com\/es\/#organization"},"potentialAction":[{"@type":"SearchAction","target":{"@type":"EntryPoint","urlTemplate":"https:\/\/turmalina.com\/es\/?s={search_term_string}"},"query-input":{"@type":"PropertyValueSpecification","valueRequired":true,"valueName":"search_term_string"}}],"inLanguage":"es"},{"@type":"Organization","@id":"https:\/\/turmalina.com\/es\/#organization","name":"Michaelis Edelsteine","url":"https:\/\/turmalina.com\/es\/","logo":{"@type":"ImageObject","inLanguage":"es","@id":"https:\/\/turmalina.com\/es\/#\/schema\/logo\/image\/","url":"https:\/\/michaelis.es\/wp-content\/uploads\/2023\/01\/michaelis_favoricon.svg","contentUrl":"https:\/\/michaelis.es\/wp-content\/uploads\/2023\/01\/michaelis_favoricon.svg","width":1,"height":1,"caption":"Michaelis Edelsteine"},"image":{"@id":"https:\/\/turmalina.com\/es\/#\/schema\/logo\/image\/"},"sameAs":["https:\/\/www.facebook.com\/michaelis.edelsteine\/"]}]}},"_links":{"self":[{"href":"https:\/\/turmalina.com\/es\/wp-json\/wp\/v2\/product\/37969","targetHints":{"allow":["GET"]}}],"collection":[{"href":"https:\/\/turmalina.com\/es\/wp-json\/wp\/v2\/product"}],"about":[{"href":"https:\/\/turmalina.com\/es\/wp-json\/wp\/v2\/types\/product"}],"wp:featuredmedia":[{"embeddable":true,"href":"https:\/\/turmalina.com\/es\/wp-json\/wp\/v2\/media\/38627"}],"wp:attachment":[{"href":"https:\/\/turmalina.com\/es\/wp-json\/wp\/v2\/media?parent=37969"}],"wp:term":[{"taxonomy":"product_cat","embeddable":true,"href":"https:\/\/turmalina.com\/es\/wp-json\/wp\/v2\/product_cat?post=37969"},{"taxonomy":"product_tag","embeddable":true,"href":"https:\/\/turmalina.com\/es\/wp-json\/wp\/v2\/product_tag?post=37969"}],"curies":[{"name":"wp","href":"https:\/\/api.w.org\/{rel}","templated":true}]}}