{"id":37976,"date":"2018-12-11T12:24:19","date_gmt":"2018-12-11T12:24:19","guid":{"rendered":"http:\/\/localhost\/produkt\/turmalina-mirrorcut-baguette-kaleidoscut-gemas\/"},"modified":"2023-03-27T17:54:42","modified_gmt":"2023-03-27T17:54:42","slug":"turmalina-mirrorcut-baguette-kaleidoscut-gemas","status":"publish","type":"product","link":"https:\/\/turmalina.com\/es\/producto\/turmalina-mirrorcut-baguette-kaleidoscut-gemas\/","title":{"rendered":"Baguette"},"content":{"rendered":"<p>Turmalina MirrorCut Baguette KaleidosCut Gemas.<br \/>\nLa turmalina baguette en talla KaleidosCut es una elecci\u00f3n exquisita para joyer\u00eda.\u00a0 La talla <a href=\"https:\/\/turmalina.com\/es\/etiqueta-producto\/turmalina-kaleidoscut-mirror-cut-piedras-preciosas\/\">KaleidosCut<\/a> es un tipo de talla MirrorCut que corta la piedra preciosa en forma de <a href=\"https:\/\/turmalina.com\/es\/etiqueta-producto\/piedras-preciosas-baguette-rectangular-turmalina-facetada\/\">baguette<\/a> rectangular y refleja la luz de forma fascinante.\u00a0 Esta forma de talla resalta el color natural de la turmalina y le confiere un aspecto eterno.\u00a0 Una joya con una <a href=\"https:\/\/turmalina.com\/es\/etiqueta-producto\/turmalina-piedras-preciosas-gemas\/\">turmalina<\/a> baguette KaleidosCut es una inversi\u00f3n en un accesorio hermoso y de alta calidad que destacar\u00e1 en cualquier situaci\u00f3n.<br \/>\n<a href=\"https:\/\/es.wikipedia.org\/wiki\/Turmalina\">El Grupo de las Turmalinas<\/a> &#8211; <a href=\"https:\/\/turmalina.com\/es\/etiqueta-producto\/propriedades-de-las-turmalinas\/\">Propriedades de las Turmalinas<\/a><\/p>\n","protected":false},"excerpt":{"rendered":"<p>[vc_row content_placement=&#8221;middle&#8221; background_position_tablet=&#8221;center center&#8221;][vc_column width=&#8221;3\/4&#8243;][vc_row_inner content_placement=&#8221;middle&#8221; background_position_desktop=&#8221;center center&#8221; background_position_tablet=&#8221;center center&#8221; background_position_mobile=&#8221;center center&#8221;][vc_column_inner width=&#8221;1\/2&#8243;][gem_divider][vc_column_text]<\/p>\n<div class=\"title-h6\" style=\"text-align: center;\">Tipo de Corte<\/div>\n<p>[\/vc_column_text][gem_divider][vc_column_text]<img decoding=\"async\" class=\"wp-image-37452 aligncenter\" src=\"https:\/\/turmalina.com\/wp-content\/uploads\/2023\/03\/Baguette.Barcut.Kaleidos.Cut_.svg\" alt=\"Baguette.Barcut.Kaleidos.Cut\" width=\"221\" height=\"294\" \/>[\/vc_column_text][\/vc_column_inner][vc_column_inner width=&#8221;1\/2&#8243;][gem_divider][vc_column_text]<\/p>\n<div class=\"title-h6\" style=\"text-align: center;\">Tabla de tama\u00f1os y pesos<\/div>\n<p>[\/vc_column_text][gem_divider][gem_table row_headers=\"1\"]<\/p>\n<div class=\"small-body\">\n<table style=\"width: 100%;\">\n<thead>\n<tr>\n<th>\n<h6>MM<\/h6>\n<\/th>\n<th>\n<h6>Ct.<\/h6>\n<\/th>\n<\/tr>\n<\/thead>\n<tbody>\n<tr>\n<td style=\"text-align: center;\">\n<div>3 mm<\/div>\n<\/td>\n<td style=\"text-align: center;\">\n<div>0,15 ct.<\/div>\n<\/td>\n<\/tr>\n<tr>\n<td style=\"text-align: center;\">\n<div>4 mm<\/div>\n<\/td>\n<td style=\"text-align: center;\">\n<div>0,4 ct.<\/div>\n<\/td>\n<\/tr>\n<tr>\n<td style=\"text-align: center;\">\n<div>5 mm<\/div>\n<\/td>\n<td style=\"text-align: center;\">0,8 ct.<\/td>\n<\/tr>\n<tr>\n<td style=\"text-align: center;\">\n<div>6 mm<\/div>\n<\/td>\n<td style=\"text-align: center;\">1 ct.<\/td>\n<\/tr>\n<tr>\n<td style=\"text-align: center;\">\n<div>7 mm<\/div>\n<\/td>\n<td style=\"text-align: center;\">\n<div>2 ct.<\/div>\n<\/td>\n<\/tr>\n<tr>\n<td style=\"text-align: center;\">8 mm<\/td>\n<td style=\"text-align: center;\">\n<div>2,5 ct.<\/div>\n<\/td>\n<\/tr>\n<tr>\n<td style=\"text-align: center;\">\n<div>9 mm<\/div>\n<\/td>\n<td style=\"text-align: center;\">\n<div>3,5 ct.<\/div>\n<\/td>\n<\/tr>\n<tr>\n<td style=\"text-align: center;\">\n<div>10 mm<\/div>\n<\/td>\n<td style=\"text-align: center;\">\n<div>5 ct.<\/div>\n<\/td>\n<\/tr>\n<\/tbody>\n<\/table>\n<\/div>\n<p>[\/gem_table][\/vc_column_inner][\/vc_row_inner][vc_column_text]<\/p>\n<div class=\"title-h6 title-h4 title-h1\" style=\"text-align: center;\">Tabla de colores<\/div>\n<p><img decoding=\"async\" class=\"alignnone wp-image-37226 size-full\" src=\"https:\/\/turmalina.com\/wp-content\/uploads\/2023\/02\/Farbtabelle2.svg\" alt=\"\" width=\"867\" height=\"613\" \/><\/p>\n<div class=\"image-popup\"><\/div>\n<p><strong>Los colores de nuestras Turmalinas son naturales y el especial de esta Piedra Preciosa. Pueden diferir de la Tabla.<\/strong>[\/vc_column_text][\/vc_column][\/vc_row]<\/p>\n","protected":false},"featured_media":38654,"template":"","meta":[],"product_cat":[438],"product_tag":[475,537,558,546,554],"class_list":{"0":"post-37976","1":"product","2":"type-product","3":"status-publish","4":"has-post-thumbnail","6":"product_cat-turmalina-kaleidoscut-mirrorcut","7":"product_tag-piedras-preciosas-baguette-rectangular-turmalina-facetada","8":"product_tag-turmalina-kaleidoscut-mirror-cut-piedras-preciosas","9":"product_tag-mirror-cut-piedras-preciosas-turmalina-kaleidoscut","10":"product_tag-propriedades-de-la-turmalina","11":"product_tag-turmalina-piedras-preciosas-gemas","13":"first","14":"instock","15":"shipping-taxable","16":"product-type-simple"},"yoast_head":"<!-- This site is optimized with the Yoast SEO plugin v24.2 - https:\/\/yoast.com\/wordpress\/plugins\/seo\/ -->\n<title>Turmalina MirrorCut Baguette KaleidosCut Gemas - Michaelis<\/title>\n<meta name=\"description\" content=\"Turmalina MirrorCut Baguette KaleidosCut Gemas, son cortes modernos de turmalina que reflejan la luz de forma \u00fanica y acent\u00faan el juego de colores.\" \/>\n<meta name=\"robots\" content=\"index, follow, max-snippet:-1, max-image-preview:large, max-video-preview:-1\" \/>\n<link rel=\"canonical\" href=\"https:\/\/turmalina.com\/es\/producto\/turmalina-mirrorcut-baguette-kaleidoscut-gemas\/\" \/>\n<meta property=\"og:locale\" content=\"es_ES\" \/>\n<meta property=\"og:type\" content=\"article\" \/>\n<meta property=\"og:title\" content=\"Turmalina MirrorCut Baguette KaleidosCut Gemas - Michaelis\" \/>\n<meta property=\"og:description\" content=\"Turmalina MirrorCut Baguette KaleidosCut Gemas, son cortes modernos de turmalina que reflejan la luz de forma \u00fanica y acent\u00faan el juego de colores.\" \/>\n<meta property=\"og:url\" content=\"https:\/\/turmalina.com\/es\/producto\/turmalina-mirrorcut-baguette-kaleidoscut-gemas\/\" \/>\n<meta property=\"og:site_name\" content=\"Michaelis\" \/>\n<meta property=\"article:publisher\" content=\"https:\/\/www.facebook.com\/michaelis.edelsteine\/\" \/>\n<meta property=\"article:modified_time\" content=\"2023-03-27T17:54:42+00:00\" \/>\n<meta property=\"og:image\" content=\"https:\/\/turmalina.com\/wp-content\/uploads\/2023\/03\/Turmalina-MirrorCut-Baguette-KaleidosCut-Gemas.webp\" \/>\n\t<meta property=\"og:image:width\" content=\"496\" \/>\n\t<meta property=\"og:image:height\" content=\"583\" \/>\n\t<meta property=\"og:image:type\" content=\"image\/webp\" \/>\n<meta name=\"twitter:card\" content=\"summary_large_image\" \/>\n<meta name=\"twitter:label1\" content=\"Tiempo de lectura\" \/>\n\t<meta name=\"twitter:data1\" content=\"1 minuto\" \/>\n<script type=\"application\/ld+json\" class=\"yoast-schema-graph\">{\"@context\":\"https:\/\/schema.org\",\"@graph\":[{\"@type\":\"WebPage\",\"@id\":\"https:\/\/turmalina.com\/es\/producto\/turmalina-mirrorcut-baguette-kaleidoscut-gemas\/\",\"url\":\"https:\/\/turmalina.com\/es\/producto\/turmalina-mirrorcut-baguette-kaleidoscut-gemas\/\",\"name\":\"Turmalina MirrorCut Baguette KaleidosCut Gemas - Michaelis\",\"isPartOf\":{\"@id\":\"https:\/\/turmalina.com\/es\/#website\"},\"primaryImageOfPage\":{\"@id\":\"https:\/\/turmalina.com\/es\/producto\/turmalina-mirrorcut-baguette-kaleidoscut-gemas\/#primaryimage\"},\"image\":{\"@id\":\"https:\/\/turmalina.com\/es\/producto\/turmalina-mirrorcut-baguette-kaleidoscut-gemas\/#primaryimage\"},\"thumbnailUrl\":\"https:\/\/turmalina.com\/wp-content\/uploads\/2023\/03\/Turmalina-MirrorCut-Baguette-KaleidosCut-Gemas.webp\",\"datePublished\":\"2018-12-11T12:24:19+00:00\",\"dateModified\":\"2023-03-27T17:54:42+00:00\",\"description\":\"Turmalina MirrorCut Baguette KaleidosCut Gemas, son cortes modernos de turmalina que reflejan la luz de forma \u00fanica y acent\u00faan el juego de colores.\",\"breadcrumb\":{\"@id\":\"https:\/\/turmalina.com\/es\/producto\/turmalina-mirrorcut-baguette-kaleidoscut-gemas\/#breadcrumb\"},\"inLanguage\":\"es\",\"potentialAction\":[{\"@type\":\"ReadAction\",\"target\":[\"https:\/\/turmalina.com\/es\/producto\/turmalina-mirrorcut-baguette-kaleidoscut-gemas\/\"]}]},{\"@type\":\"ImageObject\",\"inLanguage\":\"es\",\"@id\":\"https:\/\/turmalina.com\/es\/producto\/turmalina-mirrorcut-baguette-kaleidoscut-gemas\/#primaryimage\",\"url\":\"https:\/\/turmalina.com\/wp-content\/uploads\/2023\/03\/Turmalina-MirrorCut-Baguette-KaleidosCut-Gemas.webp\",\"contentUrl\":\"https:\/\/turmalina.com\/wp-content\/uploads\/2023\/03\/Turmalina-MirrorCut-Baguette-KaleidosCut-Gemas.webp\",\"width\":496,\"height\":583,\"caption\":\"Turmalina MirrorCut Baguette KaleidosCut Gemas\"},{\"@type\":\"BreadcrumbList\",\"@id\":\"https:\/\/turmalina.com\/es\/producto\/turmalina-mirrorcut-baguette-kaleidoscut-gemas\/#breadcrumb\",\"itemListElement\":[{\"@type\":\"ListItem\",\"position\":1,\"name\":\"Startseite\",\"item\":\"https:\/\/turmalina.com\/es\/\"},{\"@type\":\"ListItem\",\"position\":2,\"name\":\"Productos\",\"item\":\"https:\/\/turmalina.com\/produkte\/\"},{\"@type\":\"ListItem\",\"position\":3,\"name\":\"baguette\",\"item\":\"https:\/\/turmalina.com\/es\/etiqueta-producto\/piedras-preciosas-baguette-rectangular-turmalina-facetada\/\"},{\"@type\":\"ListItem\",\"position\":4,\"name\":\"baguette\",\"item\":\"https:\/\/turmalina.com\/es\/etiqueta-producto\/piedras-preciosas-baguette-rectangular-turmalina-facetada\/\"},{\"@type\":\"ListItem\",\"position\":5,\"name\":\"Baguette\"}]},{\"@type\":\"WebSite\",\"@id\":\"https:\/\/turmalina.com\/es\/#website\",\"url\":\"https:\/\/turmalina.com\/es\/\",\"name\":\"Michaelis\",\"description\":\"Edelsteine\",\"publisher\":{\"@id\":\"https:\/\/turmalina.com\/es\/#organization\"},\"potentialAction\":[{\"@type\":\"SearchAction\",\"target\":{\"@type\":\"EntryPoint\",\"urlTemplate\":\"https:\/\/turmalina.com\/es\/?s={search_term_string}\"},\"query-input\":{\"@type\":\"PropertyValueSpecification\",\"valueRequired\":true,\"valueName\":\"search_term_string\"}}],\"inLanguage\":\"es\"},{\"@type\":\"Organization\",\"@id\":\"https:\/\/turmalina.com\/es\/#organization\",\"name\":\"Michaelis Edelsteine\",\"url\":\"https:\/\/turmalina.com\/es\/\",\"logo\":{\"@type\":\"ImageObject\",\"inLanguage\":\"es\",\"@id\":\"https:\/\/turmalina.com\/es\/#\/schema\/logo\/image\/\",\"url\":\"https:\/\/michaelis.es\/wp-content\/uploads\/2023\/01\/michaelis_favoricon.svg\",\"contentUrl\":\"https:\/\/michaelis.es\/wp-content\/uploads\/2023\/01\/michaelis_favoricon.svg\",\"width\":1,\"height\":1,\"caption\":\"Michaelis Edelsteine\"},\"image\":{\"@id\":\"https:\/\/turmalina.com\/es\/#\/schema\/logo\/image\/\"},\"sameAs\":[\"https:\/\/www.facebook.com\/michaelis.edelsteine\/\"]}]}<\/script>\n<!-- \/ Yoast SEO plugin. -->","yoast_head_json":{"title":"Turmalina MirrorCut Baguette KaleidosCut Gemas - Michaelis","description":"Turmalina MirrorCut Baguette KaleidosCut Gemas, son cortes modernos de turmalina que reflejan la luz de forma \u00fanica y acent\u00faan el juego de colores.","robots":{"index":"index","follow":"follow","max-snippet":"max-snippet:-1","max-image-preview":"max-image-preview:large","max-video-preview":"max-video-preview:-1"},"canonical":"https:\/\/turmalina.com\/es\/producto\/turmalina-mirrorcut-baguette-kaleidoscut-gemas\/","og_locale":"es_ES","og_type":"article","og_title":"Turmalina MirrorCut Baguette KaleidosCut Gemas - Michaelis","og_description":"Turmalina MirrorCut Baguette KaleidosCut Gemas, son cortes modernos de turmalina que reflejan la luz de forma \u00fanica y acent\u00faan el juego de colores.","og_url":"https:\/\/turmalina.com\/es\/producto\/turmalina-mirrorcut-baguette-kaleidoscut-gemas\/","og_site_name":"Michaelis","article_publisher":"https:\/\/www.facebook.com\/michaelis.edelsteine\/","article_modified_time":"2023-03-27T17:54:42+00:00","og_image":[{"width":496,"height":583,"url":"https:\/\/turmalina.com\/wp-content\/uploads\/2023\/03\/Turmalina-MirrorCut-Baguette-KaleidosCut-Gemas.webp","type":"image\/webp"}],"twitter_card":"summary_large_image","twitter_misc":{"Tiempo de lectura":"1 minuto"},"schema":{"@context":"https:\/\/schema.org","@graph":[{"@type":"WebPage","@id":"https:\/\/turmalina.com\/es\/producto\/turmalina-mirrorcut-baguette-kaleidoscut-gemas\/","url":"https:\/\/turmalina.com\/es\/producto\/turmalina-mirrorcut-baguette-kaleidoscut-gemas\/","name":"Turmalina MirrorCut Baguette KaleidosCut Gemas - Michaelis","isPartOf":{"@id":"https:\/\/turmalina.com\/es\/#website"},"primaryImageOfPage":{"@id":"https:\/\/turmalina.com\/es\/producto\/turmalina-mirrorcut-baguette-kaleidoscut-gemas\/#primaryimage"},"image":{"@id":"https:\/\/turmalina.com\/es\/producto\/turmalina-mirrorcut-baguette-kaleidoscut-gemas\/#primaryimage"},"thumbnailUrl":"https:\/\/turmalina.com\/wp-content\/uploads\/2023\/03\/Turmalina-MirrorCut-Baguette-KaleidosCut-Gemas.webp","datePublished":"2018-12-11T12:24:19+00:00","dateModified":"2023-03-27T17:54:42+00:00","description":"Turmalina MirrorCut Baguette KaleidosCut Gemas, son cortes modernos de turmalina que reflejan la luz de forma \u00fanica y acent\u00faan el juego de colores.","breadcrumb":{"@id":"https:\/\/turmalina.com\/es\/producto\/turmalina-mirrorcut-baguette-kaleidoscut-gemas\/#breadcrumb"},"inLanguage":"es","potentialAction":[{"@type":"ReadAction","target":["https:\/\/turmalina.com\/es\/producto\/turmalina-mirrorcut-baguette-kaleidoscut-gemas\/"]}]},{"@type":"ImageObject","inLanguage":"es","@id":"https:\/\/turmalina.com\/es\/producto\/turmalina-mirrorcut-baguette-kaleidoscut-gemas\/#primaryimage","url":"https:\/\/turmalina.com\/wp-content\/uploads\/2023\/03\/Turmalina-MirrorCut-Baguette-KaleidosCut-Gemas.webp","contentUrl":"https:\/\/turmalina.com\/wp-content\/uploads\/2023\/03\/Turmalina-MirrorCut-Baguette-KaleidosCut-Gemas.webp","width":496,"height":583,"caption":"Turmalina MirrorCut Baguette KaleidosCut Gemas"},{"@type":"BreadcrumbList","@id":"https:\/\/turmalina.com\/es\/producto\/turmalina-mirrorcut-baguette-kaleidoscut-gemas\/#breadcrumb","itemListElement":[{"@type":"ListItem","position":1,"name":"Startseite","item":"https:\/\/turmalina.com\/es\/"},{"@type":"ListItem","position":2,"name":"Productos","item":"https:\/\/turmalina.com\/produkte\/"},{"@type":"ListItem","position":3,"name":"baguette","item":"https:\/\/turmalina.com\/es\/etiqueta-producto\/piedras-preciosas-baguette-rectangular-turmalina-facetada\/"},{"@type":"ListItem","position":4,"name":"baguette","item":"https:\/\/turmalina.com\/es\/etiqueta-producto\/piedras-preciosas-baguette-rectangular-turmalina-facetada\/"},{"@type":"ListItem","position":5,"name":"Baguette"}]},{"@type":"WebSite","@id":"https:\/\/turmalina.com\/es\/#website","url":"https:\/\/turmalina.com\/es\/","name":"Michaelis","description":"Edelsteine","publisher":{"@id":"https:\/\/turmalina.com\/es\/#organization"},"potentialAction":[{"@type":"SearchAction","target":{"@type":"EntryPoint","urlTemplate":"https:\/\/turmalina.com\/es\/?s={search_term_string}"},"query-input":{"@type":"PropertyValueSpecification","valueRequired":true,"valueName":"search_term_string"}}],"inLanguage":"es"},{"@type":"Organization","@id":"https:\/\/turmalina.com\/es\/#organization","name":"Michaelis Edelsteine","url":"https:\/\/turmalina.com\/es\/","logo":{"@type":"ImageObject","inLanguage":"es","@id":"https:\/\/turmalina.com\/es\/#\/schema\/logo\/image\/","url":"https:\/\/michaelis.es\/wp-content\/uploads\/2023\/01\/michaelis_favoricon.svg","contentUrl":"https:\/\/michaelis.es\/wp-content\/uploads\/2023\/01\/michaelis_favoricon.svg","width":1,"height":1,"caption":"Michaelis Edelsteine"},"image":{"@id":"https:\/\/turmalina.com\/es\/#\/schema\/logo\/image\/"},"sameAs":["https:\/\/www.facebook.com\/michaelis.edelsteine\/"]}]}},"_links":{"self":[{"href":"https:\/\/turmalina.com\/es\/wp-json\/wp\/v2\/product\/37976","targetHints":{"allow":["GET"]}}],"collection":[{"href":"https:\/\/turmalina.com\/es\/wp-json\/wp\/v2\/product"}],"about":[{"href":"https:\/\/turmalina.com\/es\/wp-json\/wp\/v2\/types\/product"}],"wp:featuredmedia":[{"embeddable":true,"href":"https:\/\/turmalina.com\/es\/wp-json\/wp\/v2\/media\/38654"}],"wp:attachment":[{"href":"https:\/\/turmalina.com\/es\/wp-json\/wp\/v2\/media?parent=37976"}],"wp:term":[{"taxonomy":"product_cat","embeddable":true,"href":"https:\/\/turmalina.com\/es\/wp-json\/wp\/v2\/product_cat?post=37976"},{"taxonomy":"product_tag","embeddable":true,"href":"https:\/\/turmalina.com\/es\/wp-json\/wp\/v2\/product_tag?post=37976"}],"curies":[{"name":"wp","href":"https:\/\/api.w.org\/{rel}","templated":true}]}}