{"id":37990,"date":"2018-12-11T21:36:21","date_gmt":"2018-12-11T21:36:21","guid":{"rendered":"http:\/\/localhost\/produkt\/navette-turmalina-mirrorcut-kaleidoscut-marquesa\/"},"modified":"2023-03-27T09:17:55","modified_gmt":"2023-03-27T09:17:55","slug":"navette-turmalina-mirrorcut-kaleidoscut-marquesa","status":"publish","type":"product","link":"https:\/\/turmalina.com\/es\/producto\/navette-turmalina-mirrorcut-kaleidoscut-marquesa\/","title":{"rendered":"Marquesa"},"content":{"rendered":"<p>Navette Turmalina MirrorCut <a href=\"https:\/\/turmalina.com\/es\/etiqueta-producto\/turmalina-kaleidoscut-mirror-cut-piedras-preciosas\/\">KaleidosCut<\/a> <a href=\"https:\/\/turmalina.com\/es\/etiqueta-producto\/turmalina-gemas-marquesa\/\">Marquesa<\/a>.<br \/>\nLa Navette KaleidosCut o Mirror cut se alarga en una suave curva y tiene dos extremos c\u00f3nicos. La forma recuerda a un barco o a un ojo. En el <a href=\"https:\/\/turmalina.com\/es\/etiqueta-producto\/turmalina-marquis-marquesa-facetada\/\">Marquis<\/a> o Navette BarCut, se han colocado facetas en forma de celos\u00eda en la parte inferior de la piedra. Esta talla ayuda a resaltar la distribuci\u00f3n natural del color en la piedra y le confiere un brillo caleidosc\u00f3pico y fresco.<br \/>\n<a href=\"https:\/\/es.wikipedia.org\/wiki\/Turmalina\">El Grupo de las Turmalinas<\/a> &#8211; <a href=\"https:\/\/turmalina.com\/es\/etiqueta-producto\/propriedades-de-las-turmalinas\/\">Propriedades de las Turmalinas<\/a><\/p>\n","protected":false},"excerpt":{"rendered":"<p>[vc_row content_placement=&#8221;middle&#8221; background_position_tablet=&#8221;center center&#8221;][vc_column width=&#8221;3\/4&#8243;][vc_row_inner content_placement=&#8221;middle&#8221; background_position_desktop=&#8221;center center&#8221; background_position_tablet=&#8221;center center&#8221; background_position_mobile=&#8221;center center&#8221;][vc_column_inner width=&#8221;1\/2&#8243;][gem_divider][vc_column_text]<\/p>\n<div class=\"title-h6\" style=\"text-align: center;\">Tipo de Corte<\/div>\n<p>[\/vc_column_text][gem_divider][vc_column_text]<img decoding=\"async\" class=\"wp-image-37452 aligncenter\" src=\"https:\/\/turmalina.com\/wp-content\/uploads\/2023\/03\/Navette.StepCut.Kaleidos.Cut_.svg\" alt=\"Navette.StepCut.Kaleidos.Cut\" width=\"221\" height=\"294\" \/>[\/vc_column_text][\/vc_column_inner][vc_column_inner width=&#8221;1\/2&#8243;][gem_divider][vc_column_text]<\/p>\n<div class=\"title-h6\" style=\"text-align: center;\">Tabla de tama\u00f1os y pesos<\/div>\n<p>[\/vc_column_text][gem_divider][gem_table row_headers=\"1\"]<\/p>\n<div class=\"small-body\">\n<table style=\"width: 100%;\">\n<thead>\n<tr>\n<th>\n<h6>MM<\/h6>\n<\/th>\n<th>\n<h6>Ct.<\/h6>\n<\/th>\n<\/tr>\n<\/thead>\n<tbody>\n<tr>\n<td style=\"text-align: center;\">\n<div>9&#215;3 mm<\/div>\n<\/td>\n<td style=\"text-align: center;\">\n<div>0,5 ct.<\/div>\n<\/td>\n<\/tr>\n<tr>\n<td style=\"text-align: center;\">\n<div>4&#215;12 mm<\/div>\n<\/td>\n<td style=\"text-align: center;\">\n<div>1,5 ct.<\/div>\n<\/td>\n<\/tr>\n<tr>\n<td style=\"text-align: center;\">\n<div>5&#215;15 mm<\/div>\n<\/td>\n<td style=\"text-align: center;\">2 ct.<\/td>\n<\/tr>\n<tr>\n<td style=\"text-align: center;\">\n<div>6&#215;18 mm<\/div>\n<\/td>\n<td style=\"text-align: center;\">3 ct.<\/td>\n<\/tr>\n<tr>\n<td style=\"text-align: center;\">\n<div>7&#215;21 mm<\/div>\n<\/td>\n<td style=\"text-align: center;\">\n<div>4 ct.<\/div>\n<\/td>\n<\/tr>\n<tr>\n<td style=\"text-align: center;\">8&#215;24 mm<\/td>\n<td style=\"text-align: center;\">\n<div>5,5 ct.<\/div>\n<\/td>\n<\/tr>\n<tr>\n<td style=\"text-align: center;\">\n<div>9&#215;27 mm<\/div>\n<\/td>\n<td style=\"text-align: center;\">\n<div>6,5 ct.<\/div>\n<\/td>\n<\/tr>\n<tr>\n<td style=\"text-align: center;\">\n<div>10&#215;30 mm<\/div>\n<\/td>\n<td style=\"text-align: center;\">\n<div>8,5 ct.<\/div>\n<\/td>\n<\/tr>\n<\/tbody>\n<\/table>\n<\/div>\n<p>[\/gem_table][\/vc_column_inner][\/vc_row_inner][vc_column_text]<\/p>\n<div class=\"title-h6 title-h4 title-h1\" style=\"text-align: center;\">Tabla de colores<\/div>\n<p><img decoding=\"async\" class=\"alignnone wp-image-37226 size-full\" src=\"https:\/\/turmalina.com\/wp-content\/uploads\/2023\/02\/Farbtabelle2.svg\" alt=\"\" width=\"867\" height=\"613\" \/><\/p>\n<div class=\"image-popup\"><\/div>\n<p><strong>Los colores de nuestras Turmalinas son naturales y el especial de esta Piedra Preciosa. Pueden diferir de la Tabla.<\/strong>[\/vc_column_text][\/vc_column][\/vc_row]<\/p>\n","protected":false},"featured_media":38636,"template":"","meta":[],"product_cat":[438],"product_tag":[537,559,466,558,546,554],"class_list":{"0":"post-37990","1":"product","2":"type-product","3":"status-publish","4":"has-post-thumbnail","6":"product_cat-turmalina-kaleidoscut-mirrorcut","7":"product_tag-turmalina-kaleidoscut-mirror-cut-piedras-preciosas","8":"product_tag-turmalina-gemas-marquesa","9":"product_tag-turmalina-marquis-marquesa-facetada","10":"product_tag-mirror-cut-piedras-preciosas-turmalina-kaleidoscut","11":"product_tag-propriedades-de-la-turmalina","12":"product_tag-turmalina-piedras-preciosas-gemas","14":"first","15":"instock","16":"shipping-taxable","17":"product-type-simple"},"yoast_head":"<!-- This site is optimized with the Yoast SEO plugin v24.2 - https:\/\/yoast.com\/wordpress\/plugins\/seo\/ -->\n<title>Navette Turmalina MirrorCut KaleidosCut Marquesa - Michaelis<\/title>\n<meta name=\"description\" content=\"Navette Turmalina MirrorCut KaleidosCut Marquesa: l\u00ednea moderna de piedras preciosas con tabla lisa y plana, pocas facetas, dise\u00f1o sencillo.\" \/>\n<meta name=\"robots\" content=\"index, follow, max-snippet:-1, max-image-preview:large, max-video-preview:-1\" \/>\n<link rel=\"canonical\" href=\"https:\/\/turmalina.com\/es\/producto\/navette-turmalina-mirrorcut-kaleidoscut-marquesa\/\" \/>\n<meta property=\"og:locale\" content=\"es_ES\" \/>\n<meta property=\"og:type\" content=\"article\" \/>\n<meta property=\"og:title\" content=\"Navette Turmalina MirrorCut KaleidosCut Marquesa - Michaelis\" \/>\n<meta property=\"og:description\" content=\"Navette Turmalina MirrorCut KaleidosCut Marquesa: l\u00ednea moderna de piedras preciosas con tabla lisa y plana, pocas facetas, dise\u00f1o sencillo.\" \/>\n<meta property=\"og:url\" content=\"https:\/\/turmalina.com\/es\/producto\/navette-turmalina-mirrorcut-kaleidoscut-marquesa\/\" \/>\n<meta property=\"og:site_name\" content=\"Michaelis\" \/>\n<meta property=\"article:publisher\" content=\"https:\/\/www.facebook.com\/michaelis.edelsteine\/\" \/>\n<meta property=\"article:modified_time\" content=\"2023-03-27T09:17:55+00:00\" \/>\n<meta property=\"og:image\" content=\"https:\/\/turmalina.com\/wp-content\/uploads\/2023\/03\/Navette-Turmalina-MirrorCut-KaleidosCut-Marquesa.webp\" \/>\n\t<meta property=\"og:image:width\" content=\"496\" \/>\n\t<meta property=\"og:image:height\" content=\"583\" \/>\n\t<meta property=\"og:image:type\" content=\"image\/webp\" \/>\n<meta name=\"twitter:card\" content=\"summary_large_image\" \/>\n<meta name=\"twitter:label1\" content=\"Tiempo de lectura\" \/>\n\t<meta name=\"twitter:data1\" content=\"1 minuto\" \/>\n<script type=\"application\/ld+json\" class=\"yoast-schema-graph\">{\"@context\":\"https:\/\/schema.org\",\"@graph\":[{\"@type\":\"WebPage\",\"@id\":\"https:\/\/turmalina.com\/es\/producto\/navette-turmalina-mirrorcut-kaleidoscut-marquesa\/\",\"url\":\"https:\/\/turmalina.com\/es\/producto\/navette-turmalina-mirrorcut-kaleidoscut-marquesa\/\",\"name\":\"Navette Turmalina MirrorCut KaleidosCut Marquesa - Michaelis\",\"isPartOf\":{\"@id\":\"https:\/\/turmalina.com\/es\/#website\"},\"primaryImageOfPage\":{\"@id\":\"https:\/\/turmalina.com\/es\/producto\/navette-turmalina-mirrorcut-kaleidoscut-marquesa\/#primaryimage\"},\"image\":{\"@id\":\"https:\/\/turmalina.com\/es\/producto\/navette-turmalina-mirrorcut-kaleidoscut-marquesa\/#primaryimage\"},\"thumbnailUrl\":\"https:\/\/turmalina.com\/wp-content\/uploads\/2023\/03\/Navette-Turmalina-MirrorCut-KaleidosCut-Marquesa.webp\",\"datePublished\":\"2018-12-11T21:36:21+00:00\",\"dateModified\":\"2023-03-27T09:17:55+00:00\",\"description\":\"Navette Turmalina MirrorCut KaleidosCut Marquesa: l\u00ednea moderna de piedras preciosas con tabla lisa y plana, pocas facetas, dise\u00f1o sencillo.\",\"breadcrumb\":{\"@id\":\"https:\/\/turmalina.com\/es\/producto\/navette-turmalina-mirrorcut-kaleidoscut-marquesa\/#breadcrumb\"},\"inLanguage\":\"es\",\"potentialAction\":[{\"@type\":\"ReadAction\",\"target\":[\"https:\/\/turmalina.com\/es\/producto\/navette-turmalina-mirrorcut-kaleidoscut-marquesa\/\"]}]},{\"@type\":\"ImageObject\",\"inLanguage\":\"es\",\"@id\":\"https:\/\/turmalina.com\/es\/producto\/navette-turmalina-mirrorcut-kaleidoscut-marquesa\/#primaryimage\",\"url\":\"https:\/\/turmalina.com\/wp-content\/uploads\/2023\/03\/Navette-Turmalina-MirrorCut-KaleidosCut-Marquesa.webp\",\"contentUrl\":\"https:\/\/turmalina.com\/wp-content\/uploads\/2023\/03\/Navette-Turmalina-MirrorCut-KaleidosCut-Marquesa.webp\",\"width\":496,\"height\":583,\"caption\":\"Navette Turmalina MirrorCut KaleidosCut Marquesa\"},{\"@type\":\"BreadcrumbList\",\"@id\":\"https:\/\/turmalina.com\/es\/producto\/navette-turmalina-mirrorcut-kaleidoscut-marquesa\/#breadcrumb\",\"itemListElement\":[{\"@type\":\"ListItem\",\"position\":1,\"name\":\"Startseite\",\"item\":\"https:\/\/turmalina.com\/es\/\"},{\"@type\":\"ListItem\",\"position\":2,\"name\":\"Productos\",\"item\":\"https:\/\/turmalina.com\/produkte\/\"},{\"@type\":\"ListItem\",\"position\":3,\"name\":\"KaleidosCut\",\"item\":\"https:\/\/turmalina.com\/es\/etiqueta-producto\/turmalina-kaleidoscut-mirror-cut-piedras-preciosas\/\"},{\"@type\":\"ListItem\",\"position\":4,\"name\":\"KaleidosCut\",\"item\":\"https:\/\/turmalina.com\/es\/etiqueta-producto\/turmalina-kaleidoscut-mirror-cut-piedras-preciosas\/\"},{\"@type\":\"ListItem\",\"position\":5,\"name\":\"Marquesa\"}]},{\"@type\":\"WebSite\",\"@id\":\"https:\/\/turmalina.com\/es\/#website\",\"url\":\"https:\/\/turmalina.com\/es\/\",\"name\":\"Michaelis\",\"description\":\"Edelsteine\",\"publisher\":{\"@id\":\"https:\/\/turmalina.com\/es\/#organization\"},\"potentialAction\":[{\"@type\":\"SearchAction\",\"target\":{\"@type\":\"EntryPoint\",\"urlTemplate\":\"https:\/\/turmalina.com\/es\/?s={search_term_string}\"},\"query-input\":{\"@type\":\"PropertyValueSpecification\",\"valueRequired\":true,\"valueName\":\"search_term_string\"}}],\"inLanguage\":\"es\"},{\"@type\":\"Organization\",\"@id\":\"https:\/\/turmalina.com\/es\/#organization\",\"name\":\"Michaelis Edelsteine\",\"url\":\"https:\/\/turmalina.com\/es\/\",\"logo\":{\"@type\":\"ImageObject\",\"inLanguage\":\"es\",\"@id\":\"https:\/\/turmalina.com\/es\/#\/schema\/logo\/image\/\",\"url\":\"https:\/\/michaelis.es\/wp-content\/uploads\/2023\/01\/michaelis_favoricon.svg\",\"contentUrl\":\"https:\/\/michaelis.es\/wp-content\/uploads\/2023\/01\/michaelis_favoricon.svg\",\"width\":1,\"height\":1,\"caption\":\"Michaelis Edelsteine\"},\"image\":{\"@id\":\"https:\/\/turmalina.com\/es\/#\/schema\/logo\/image\/\"},\"sameAs\":[\"https:\/\/www.facebook.com\/michaelis.edelsteine\/\"]}]}<\/script>\n<!-- \/ Yoast SEO plugin. -->","yoast_head_json":{"title":"Navette Turmalina MirrorCut KaleidosCut Marquesa - Michaelis","description":"Navette Turmalina MirrorCut KaleidosCut Marquesa: l\u00ednea moderna de piedras preciosas con tabla lisa y plana, pocas facetas, dise\u00f1o sencillo.","robots":{"index":"index","follow":"follow","max-snippet":"max-snippet:-1","max-image-preview":"max-image-preview:large","max-video-preview":"max-video-preview:-1"},"canonical":"https:\/\/turmalina.com\/es\/producto\/navette-turmalina-mirrorcut-kaleidoscut-marquesa\/","og_locale":"es_ES","og_type":"article","og_title":"Navette Turmalina MirrorCut KaleidosCut Marquesa - Michaelis","og_description":"Navette Turmalina MirrorCut KaleidosCut Marquesa: l\u00ednea moderna de piedras preciosas con tabla lisa y plana, pocas facetas, dise\u00f1o sencillo.","og_url":"https:\/\/turmalina.com\/es\/producto\/navette-turmalina-mirrorcut-kaleidoscut-marquesa\/","og_site_name":"Michaelis","article_publisher":"https:\/\/www.facebook.com\/michaelis.edelsteine\/","article_modified_time":"2023-03-27T09:17:55+00:00","og_image":[{"width":496,"height":583,"url":"https:\/\/turmalina.com\/wp-content\/uploads\/2023\/03\/Navette-Turmalina-MirrorCut-KaleidosCut-Marquesa.webp","type":"image\/webp"}],"twitter_card":"summary_large_image","twitter_misc":{"Tiempo de lectura":"1 minuto"},"schema":{"@context":"https:\/\/schema.org","@graph":[{"@type":"WebPage","@id":"https:\/\/turmalina.com\/es\/producto\/navette-turmalina-mirrorcut-kaleidoscut-marquesa\/","url":"https:\/\/turmalina.com\/es\/producto\/navette-turmalina-mirrorcut-kaleidoscut-marquesa\/","name":"Navette Turmalina MirrorCut KaleidosCut Marquesa - Michaelis","isPartOf":{"@id":"https:\/\/turmalina.com\/es\/#website"},"primaryImageOfPage":{"@id":"https:\/\/turmalina.com\/es\/producto\/navette-turmalina-mirrorcut-kaleidoscut-marquesa\/#primaryimage"},"image":{"@id":"https:\/\/turmalina.com\/es\/producto\/navette-turmalina-mirrorcut-kaleidoscut-marquesa\/#primaryimage"},"thumbnailUrl":"https:\/\/turmalina.com\/wp-content\/uploads\/2023\/03\/Navette-Turmalina-MirrorCut-KaleidosCut-Marquesa.webp","datePublished":"2018-12-11T21:36:21+00:00","dateModified":"2023-03-27T09:17:55+00:00","description":"Navette Turmalina MirrorCut KaleidosCut Marquesa: l\u00ednea moderna de piedras preciosas con tabla lisa y plana, pocas facetas, dise\u00f1o sencillo.","breadcrumb":{"@id":"https:\/\/turmalina.com\/es\/producto\/navette-turmalina-mirrorcut-kaleidoscut-marquesa\/#breadcrumb"},"inLanguage":"es","potentialAction":[{"@type":"ReadAction","target":["https:\/\/turmalina.com\/es\/producto\/navette-turmalina-mirrorcut-kaleidoscut-marquesa\/"]}]},{"@type":"ImageObject","inLanguage":"es","@id":"https:\/\/turmalina.com\/es\/producto\/navette-turmalina-mirrorcut-kaleidoscut-marquesa\/#primaryimage","url":"https:\/\/turmalina.com\/wp-content\/uploads\/2023\/03\/Navette-Turmalina-MirrorCut-KaleidosCut-Marquesa.webp","contentUrl":"https:\/\/turmalina.com\/wp-content\/uploads\/2023\/03\/Navette-Turmalina-MirrorCut-KaleidosCut-Marquesa.webp","width":496,"height":583,"caption":"Navette Turmalina MirrorCut KaleidosCut Marquesa"},{"@type":"BreadcrumbList","@id":"https:\/\/turmalina.com\/es\/producto\/navette-turmalina-mirrorcut-kaleidoscut-marquesa\/#breadcrumb","itemListElement":[{"@type":"ListItem","position":1,"name":"Startseite","item":"https:\/\/turmalina.com\/es\/"},{"@type":"ListItem","position":2,"name":"Productos","item":"https:\/\/turmalina.com\/produkte\/"},{"@type":"ListItem","position":3,"name":"KaleidosCut","item":"https:\/\/turmalina.com\/es\/etiqueta-producto\/turmalina-kaleidoscut-mirror-cut-piedras-preciosas\/"},{"@type":"ListItem","position":4,"name":"KaleidosCut","item":"https:\/\/turmalina.com\/es\/etiqueta-producto\/turmalina-kaleidoscut-mirror-cut-piedras-preciosas\/"},{"@type":"ListItem","position":5,"name":"Marquesa"}]},{"@type":"WebSite","@id":"https:\/\/turmalina.com\/es\/#website","url":"https:\/\/turmalina.com\/es\/","name":"Michaelis","description":"Edelsteine","publisher":{"@id":"https:\/\/turmalina.com\/es\/#organization"},"potentialAction":[{"@type":"SearchAction","target":{"@type":"EntryPoint","urlTemplate":"https:\/\/turmalina.com\/es\/?s={search_term_string}"},"query-input":{"@type":"PropertyValueSpecification","valueRequired":true,"valueName":"search_term_string"}}],"inLanguage":"es"},{"@type":"Organization","@id":"https:\/\/turmalina.com\/es\/#organization","name":"Michaelis Edelsteine","url":"https:\/\/turmalina.com\/es\/","logo":{"@type":"ImageObject","inLanguage":"es","@id":"https:\/\/turmalina.com\/es\/#\/schema\/logo\/image\/","url":"https:\/\/michaelis.es\/wp-content\/uploads\/2023\/01\/michaelis_favoricon.svg","contentUrl":"https:\/\/michaelis.es\/wp-content\/uploads\/2023\/01\/michaelis_favoricon.svg","width":1,"height":1,"caption":"Michaelis Edelsteine"},"image":{"@id":"https:\/\/turmalina.com\/es\/#\/schema\/logo\/image\/"},"sameAs":["https:\/\/www.facebook.com\/michaelis.edelsteine\/"]}]}},"_links":{"self":[{"href":"https:\/\/turmalina.com\/es\/wp-json\/wp\/v2\/product\/37990","targetHints":{"allow":["GET"]}}],"collection":[{"href":"https:\/\/turmalina.com\/es\/wp-json\/wp\/v2\/product"}],"about":[{"href":"https:\/\/turmalina.com\/es\/wp-json\/wp\/v2\/types\/product"}],"wp:featuredmedia":[{"embeddable":true,"href":"https:\/\/turmalina.com\/es\/wp-json\/wp\/v2\/media\/38636"}],"wp:attachment":[{"href":"https:\/\/turmalina.com\/es\/wp-json\/wp\/v2\/media?parent=37990"}],"wp:term":[{"taxonomy":"product_cat","embeddable":true,"href":"https:\/\/turmalina.com\/es\/wp-json\/wp\/v2\/product_cat?post=37990"},{"taxonomy":"product_tag","embeddable":true,"href":"https:\/\/turmalina.com\/es\/wp-json\/wp\/v2\/product_tag?post=37990"}],"curies":[{"name":"wp","href":"https:\/\/api.w.org\/{rel}","templated":true}]}}