{"id":38106,"date":"2018-12-19T12:38:29","date_gmt":"2018-12-19T12:38:29","guid":{"rendered":"http:\/\/localhost\/produkt\/gema-turmalina-cabujon-baguette\/"},"modified":"2023-03-27T20:10:42","modified_gmt":"2023-03-27T20:10:42","slug":"gema-turmalina-cabujon-baguette","status":"publish","type":"product","link":"https:\/\/turmalina.com\/es\/producto\/gema-turmalina-cabujon-baguette\/","title":{"rendered":"Baguette"},"content":{"rendered":"<p>Gema <a href=\"https:\/\/turmalina.com\/es\/etiqueta-producto\/turmalina-piedras-preciosas-gemas\/\">Turmalina<\/a> Cabuj\u00f3n <a href=\"https:\/\/turmalina.com\/es\/etiqueta-producto\/piedras-preciosas-baguette-rectangular-turmalina-facetada\/\">Baguette<\/a>.<br \/>\nLa <a href=\"https:\/\/turmalina.com\/es\/etiqueta-producto\/turmalina-cabujon-piedras-preciosas\/\">talla cabuj\u00f3n<\/a> baguette se basa en la forma alargada natural de la turmalina en bruto y ofrece una gema de aspecto sencillo muy popular en joyer\u00eda masculina.<br \/>\n<a href=\"https:\/\/es.wikipedia.org\/wiki\/Turmalina\">El Grupo de las Turmalinas<\/a> &#8211; <a href=\"https:\/\/turmalina.com\/es\/etiqueta-producto\/propriedades-de-las-turmalinas\/\">Propriedades de las Turmalinas<\/a><\/p>\n","protected":false},"excerpt":{"rendered":"<p>[vc_row content_placement=&#8221;middle&#8221; background_position_tablet=&#8221;center center&#8221;][vc_column width=&#8221;3\/4&#8243;][vc_row_inner content_placement=&#8221;middle&#8221; background_position_desktop=&#8221;center center&#8221; background_position_tablet=&#8221;center center&#8221; background_position_mobile=&#8221;center center&#8221;][vc_column_inner width=&#8221;1\/2&#8243;][gem_divider][vc_column_text]<\/p>\n<div class=\"title-h6\" style=\"text-align: center;\">Tipo de Corte<\/div>\n<p>[\/vc_column_text][gem_divider][vc_column_text]<img decoding=\"async\" class=\"wp-image-37452 aligncenter\" src=\"https:\/\/turmalina.com\/wp-content\/uploads\/2023\/03\/Baguette.Cabochon.Cut_-1.svg\" alt=\"Baguette.Classic.Cut\" width=\"221\" height=\"294\" \/>[\/vc_column_text][\/vc_column_inner][vc_column_inner width=&#8221;1\/2&#8243;][gem_divider][vc_column_text]<\/p>\n<div class=\"title-h6\" style=\"text-align: center;\">Tabla de tama\u00f1os y pesos<\/div>\n<p>[\/vc_column_text][gem_divider][gem_table row_headers=\"1\"]<\/p>\n<div class=\"small-body\">\n<table style=\"width: 100%;\">\n<thead>\n<tr>\n<th>\n<h6>MM<\/h6>\n<\/th>\n<th>\n<h6>Ct.<\/h6>\n<\/th>\n<\/tr>\n<\/thead>\n<tbody>\n<tr>\n<td style=\"text-align: center;\">\n<div>3&#215;5 mm<\/div>\n<\/td>\n<td style=\"text-align: center;\">\n<div>0,4 ct.<\/div>\n<\/td>\n<\/tr>\n<tr>\n<td style=\"text-align: center;\">\n<div>4&#215;6 mm<\/div>\n<\/td>\n<td style=\"text-align: center;\">\n<div>0,8 ct.<\/div>\n<\/td>\n<\/tr>\n<tr>\n<td style=\"text-align: center;\">\n<div>5&#215;7 mm<\/div>\n<\/td>\n<td style=\"text-align: center;\">\n<div>1,2 ct.<\/div>\n<\/td>\n<\/tr>\n<tr>\n<td style=\"text-align: center;\">\n<div>6&#215;8 mm<\/div>\n<\/td>\n<td style=\"text-align: center;\">1,8 ct.<\/td>\n<\/tr>\n<tr>\n<td style=\"text-align: center;\">\n<div>7&#215;9 mm<\/div>\n<\/td>\n<td style=\"text-align: center;\">3,8 ct.<\/td>\n<\/tr>\n<tr>\n<td style=\"text-align: center;\">\n<div>8&#215;10 mm<\/div>\n<\/td>\n<td style=\"text-align: center;\">\n<div>5,5 ct.<\/div>\n<\/td>\n<\/tr>\n<tr>\n<td style=\"text-align: center;\">9&#215;11 mm<\/td>\n<td style=\"text-align: center;\">\n<div>6,5 ct.<\/div>\n<\/td>\n<\/tr>\n<tr>\n<td style=\"text-align: center;\">\n<div>10\u00d712 mm<\/div>\n<\/td>\n<td style=\"text-align: center;\">\n<div>8 ct.<\/div>\n<\/td>\n<\/tr>\n<\/tbody>\n<\/table>\n<\/div>\n<p>[\/gem_table][\/vc_column_inner][\/vc_row_inner][vc_column_text]<\/p>\n<div class=\"title-h6 title-h4 title-h1\" style=\"text-align: center;\">Tabla de colores<\/div>\n<p><img decoding=\"async\" class=\"alignnone wp-image-37226 size-full\" src=\"https:\/\/turmalina.com\/wp-content\/uploads\/2023\/02\/Farbtabelle2.svg\" alt=\"\" width=\"867\" height=\"613\" \/><\/p>\n<div class=\"image-popup\" style=\"text-align: center;\"><\/div>\n<p style=\"text-align: center;\"><strong>Los colores de nuestras Turmalinas son naturales y el especial de esta Piedra Preciosa. Pueden diferir de la Tabla. <\/strong>[\/vc_column_text][\/vc_column][\/vc_row]<\/p>\n","protected":false},"featured_media":38687,"template":"","meta":[],"product_cat":[437],"product_tag":[475,546,468,554],"class_list":{"0":"post-38106","1":"product","2":"type-product","3":"status-publish","4":"has-post-thumbnail","6":"product_cat-turmalina-cabujon","7":"product_tag-piedras-preciosas-baguette-rectangular-turmalina-facetada","8":"product_tag-propriedades-de-la-turmalina","9":"product_tag-turmalina-cabujon-piedras-preciosas","10":"product_tag-turmalina-piedras-preciosas-gemas","12":"first","13":"instock","14":"shipping-taxable","15":"product-type-simple"},"yoast_head":"<!-- This site is optimized with the Yoast SEO plugin v24.2 - https:\/\/yoast.com\/wordpress\/plugins\/seo\/ -->\n<title>Gema Turmalina Cabuj\u00f3n Baguette - Michaelis<\/title>\n<meta name=\"description\" content=\"Gema turmalina cabuj\u00f3n baguette, tiene la cara inferior plana y lisa y la forma alargada y rectangular. Talla elegante y cl\u00e1sica para anillos y colgantes.\" \/>\n<meta name=\"robots\" content=\"index, follow, max-snippet:-1, max-image-preview:large, max-video-preview:-1\" \/>\n<link rel=\"canonical\" href=\"https:\/\/turmalina.com\/es\/producto\/gema-turmalina-cabujon-baguette\/\" \/>\n<meta property=\"og:locale\" content=\"es_ES\" \/>\n<meta property=\"og:type\" content=\"article\" \/>\n<meta property=\"og:title\" content=\"Gema Turmalina Cabuj\u00f3n Baguette - Michaelis\" \/>\n<meta property=\"og:description\" content=\"Gema turmalina cabuj\u00f3n baguette, tiene la cara inferior plana y lisa y la forma alargada y rectangular. Talla elegante y cl\u00e1sica para anillos y colgantes.\" \/>\n<meta property=\"og:url\" content=\"https:\/\/turmalina.com\/es\/producto\/gema-turmalina-cabujon-baguette\/\" \/>\n<meta property=\"og:site_name\" content=\"Michaelis\" \/>\n<meta property=\"article:publisher\" content=\"https:\/\/www.facebook.com\/michaelis.edelsteine\/\" \/>\n<meta property=\"article:modified_time\" content=\"2023-03-27T20:10:42+00:00\" \/>\n<meta property=\"og:image\" content=\"https:\/\/turmalina.com\/wp-content\/uploads\/2023\/03\/Gema-Turmalina-Cabujon-Baguette.webp\" \/>\n\t<meta property=\"og:image:width\" content=\"496\" \/>\n\t<meta property=\"og:image:height\" content=\"583\" \/>\n\t<meta property=\"og:image:type\" content=\"image\/webp\" \/>\n<meta name=\"twitter:card\" content=\"summary_large_image\" \/>\n<meta name=\"twitter:label1\" content=\"Tiempo de lectura\" \/>\n\t<meta name=\"twitter:data1\" content=\"1 minuto\" \/>\n<script type=\"application\/ld+json\" class=\"yoast-schema-graph\">{\"@context\":\"https:\/\/schema.org\",\"@graph\":[{\"@type\":\"WebPage\",\"@id\":\"https:\/\/turmalina.com\/es\/producto\/gema-turmalina-cabujon-baguette\/\",\"url\":\"https:\/\/turmalina.com\/es\/producto\/gema-turmalina-cabujon-baguette\/\",\"name\":\"Gema Turmalina Cabuj\u00f3n Baguette - Michaelis\",\"isPartOf\":{\"@id\":\"https:\/\/turmalina.com\/es\/#website\"},\"primaryImageOfPage\":{\"@id\":\"https:\/\/turmalina.com\/es\/producto\/gema-turmalina-cabujon-baguette\/#primaryimage\"},\"image\":{\"@id\":\"https:\/\/turmalina.com\/es\/producto\/gema-turmalina-cabujon-baguette\/#primaryimage\"},\"thumbnailUrl\":\"https:\/\/turmalina.com\/wp-content\/uploads\/2023\/03\/Gema-Turmalina-Cabujon-Baguette.webp\",\"datePublished\":\"2018-12-19T12:38:29+00:00\",\"dateModified\":\"2023-03-27T20:10:42+00:00\",\"description\":\"Gema turmalina cabuj\u00f3n baguette, tiene la cara inferior plana y lisa y la forma alargada y rectangular. Talla elegante y cl\u00e1sica para anillos y colgantes.\",\"breadcrumb\":{\"@id\":\"https:\/\/turmalina.com\/es\/producto\/gema-turmalina-cabujon-baguette\/#breadcrumb\"},\"inLanguage\":\"es\",\"potentialAction\":[{\"@type\":\"ReadAction\",\"target\":[\"https:\/\/turmalina.com\/es\/producto\/gema-turmalina-cabujon-baguette\/\"]}]},{\"@type\":\"ImageObject\",\"inLanguage\":\"es\",\"@id\":\"https:\/\/turmalina.com\/es\/producto\/gema-turmalina-cabujon-baguette\/#primaryimage\",\"url\":\"https:\/\/turmalina.com\/wp-content\/uploads\/2023\/03\/Gema-Turmalina-Cabujon-Baguette.webp\",\"contentUrl\":\"https:\/\/turmalina.com\/wp-content\/uploads\/2023\/03\/Gema-Turmalina-Cabujon-Baguette.webp\",\"width\":496,\"height\":583,\"caption\":\"Gema Turmalina Cabuj\u00f3n Baguette\"},{\"@type\":\"BreadcrumbList\",\"@id\":\"https:\/\/turmalina.com\/es\/producto\/gema-turmalina-cabujon-baguette\/#breadcrumb\",\"itemListElement\":[{\"@type\":\"ListItem\",\"position\":1,\"name\":\"Startseite\",\"item\":\"https:\/\/turmalina.com\/es\/\"},{\"@type\":\"ListItem\",\"position\":2,\"name\":\"Productos\",\"item\":\"https:\/\/turmalina.com\/produkte\/\"},{\"@type\":\"ListItem\",\"position\":3,\"name\":\"baguette\",\"item\":\"https:\/\/turmalina.com\/es\/etiqueta-producto\/piedras-preciosas-baguette-rectangular-turmalina-facetada\/\"},{\"@type\":\"ListItem\",\"position\":4,\"name\":\"baguette\",\"item\":\"https:\/\/turmalina.com\/es\/etiqueta-producto\/piedras-preciosas-baguette-rectangular-turmalina-facetada\/\"},{\"@type\":\"ListItem\",\"position\":5,\"name\":\"Baguette\"}]},{\"@type\":\"WebSite\",\"@id\":\"https:\/\/turmalina.com\/es\/#website\",\"url\":\"https:\/\/turmalina.com\/es\/\",\"name\":\"Michaelis\",\"description\":\"Edelsteine\",\"publisher\":{\"@id\":\"https:\/\/turmalina.com\/es\/#organization\"},\"potentialAction\":[{\"@type\":\"SearchAction\",\"target\":{\"@type\":\"EntryPoint\",\"urlTemplate\":\"https:\/\/turmalina.com\/es\/?s={search_term_string}\"},\"query-input\":{\"@type\":\"PropertyValueSpecification\",\"valueRequired\":true,\"valueName\":\"search_term_string\"}}],\"inLanguage\":\"es\"},{\"@type\":\"Organization\",\"@id\":\"https:\/\/turmalina.com\/es\/#organization\",\"name\":\"Michaelis Edelsteine\",\"url\":\"https:\/\/turmalina.com\/es\/\",\"logo\":{\"@type\":\"ImageObject\",\"inLanguage\":\"es\",\"@id\":\"https:\/\/turmalina.com\/es\/#\/schema\/logo\/image\/\",\"url\":\"https:\/\/michaelis.es\/wp-content\/uploads\/2023\/01\/michaelis_favoricon.svg\",\"contentUrl\":\"https:\/\/michaelis.es\/wp-content\/uploads\/2023\/01\/michaelis_favoricon.svg\",\"width\":1,\"height\":1,\"caption\":\"Michaelis Edelsteine\"},\"image\":{\"@id\":\"https:\/\/turmalina.com\/es\/#\/schema\/logo\/image\/\"},\"sameAs\":[\"https:\/\/www.facebook.com\/michaelis.edelsteine\/\"]}]}<\/script>\n<!-- \/ Yoast SEO plugin. -->","yoast_head_json":{"title":"Gema Turmalina Cabuj\u00f3n Baguette - Michaelis","description":"Gema turmalina cabuj\u00f3n baguette, tiene la cara inferior plana y lisa y la forma alargada y rectangular. Talla elegante y cl\u00e1sica para anillos y colgantes.","robots":{"index":"index","follow":"follow","max-snippet":"max-snippet:-1","max-image-preview":"max-image-preview:large","max-video-preview":"max-video-preview:-1"},"canonical":"https:\/\/turmalina.com\/es\/producto\/gema-turmalina-cabujon-baguette\/","og_locale":"es_ES","og_type":"article","og_title":"Gema Turmalina Cabuj\u00f3n Baguette - Michaelis","og_description":"Gema turmalina cabuj\u00f3n baguette, tiene la cara inferior plana y lisa y la forma alargada y rectangular. Talla elegante y cl\u00e1sica para anillos y colgantes.","og_url":"https:\/\/turmalina.com\/es\/producto\/gema-turmalina-cabujon-baguette\/","og_site_name":"Michaelis","article_publisher":"https:\/\/www.facebook.com\/michaelis.edelsteine\/","article_modified_time":"2023-03-27T20:10:42+00:00","og_image":[{"width":496,"height":583,"url":"https:\/\/turmalina.com\/wp-content\/uploads\/2023\/03\/Gema-Turmalina-Cabujon-Baguette.webp","type":"image\/webp"}],"twitter_card":"summary_large_image","twitter_misc":{"Tiempo de lectura":"1 minuto"},"schema":{"@context":"https:\/\/schema.org","@graph":[{"@type":"WebPage","@id":"https:\/\/turmalina.com\/es\/producto\/gema-turmalina-cabujon-baguette\/","url":"https:\/\/turmalina.com\/es\/producto\/gema-turmalina-cabujon-baguette\/","name":"Gema Turmalina Cabuj\u00f3n Baguette - Michaelis","isPartOf":{"@id":"https:\/\/turmalina.com\/es\/#website"},"primaryImageOfPage":{"@id":"https:\/\/turmalina.com\/es\/producto\/gema-turmalina-cabujon-baguette\/#primaryimage"},"image":{"@id":"https:\/\/turmalina.com\/es\/producto\/gema-turmalina-cabujon-baguette\/#primaryimage"},"thumbnailUrl":"https:\/\/turmalina.com\/wp-content\/uploads\/2023\/03\/Gema-Turmalina-Cabujon-Baguette.webp","datePublished":"2018-12-19T12:38:29+00:00","dateModified":"2023-03-27T20:10:42+00:00","description":"Gema turmalina cabuj\u00f3n baguette, tiene la cara inferior plana y lisa y la forma alargada y rectangular. Talla elegante y cl\u00e1sica para anillos y colgantes.","breadcrumb":{"@id":"https:\/\/turmalina.com\/es\/producto\/gema-turmalina-cabujon-baguette\/#breadcrumb"},"inLanguage":"es","potentialAction":[{"@type":"ReadAction","target":["https:\/\/turmalina.com\/es\/producto\/gema-turmalina-cabujon-baguette\/"]}]},{"@type":"ImageObject","inLanguage":"es","@id":"https:\/\/turmalina.com\/es\/producto\/gema-turmalina-cabujon-baguette\/#primaryimage","url":"https:\/\/turmalina.com\/wp-content\/uploads\/2023\/03\/Gema-Turmalina-Cabujon-Baguette.webp","contentUrl":"https:\/\/turmalina.com\/wp-content\/uploads\/2023\/03\/Gema-Turmalina-Cabujon-Baguette.webp","width":496,"height":583,"caption":"Gema Turmalina Cabuj\u00f3n Baguette"},{"@type":"BreadcrumbList","@id":"https:\/\/turmalina.com\/es\/producto\/gema-turmalina-cabujon-baguette\/#breadcrumb","itemListElement":[{"@type":"ListItem","position":1,"name":"Startseite","item":"https:\/\/turmalina.com\/es\/"},{"@type":"ListItem","position":2,"name":"Productos","item":"https:\/\/turmalina.com\/produkte\/"},{"@type":"ListItem","position":3,"name":"baguette","item":"https:\/\/turmalina.com\/es\/etiqueta-producto\/piedras-preciosas-baguette-rectangular-turmalina-facetada\/"},{"@type":"ListItem","position":4,"name":"baguette","item":"https:\/\/turmalina.com\/es\/etiqueta-producto\/piedras-preciosas-baguette-rectangular-turmalina-facetada\/"},{"@type":"ListItem","position":5,"name":"Baguette"}]},{"@type":"WebSite","@id":"https:\/\/turmalina.com\/es\/#website","url":"https:\/\/turmalina.com\/es\/","name":"Michaelis","description":"Edelsteine","publisher":{"@id":"https:\/\/turmalina.com\/es\/#organization"},"potentialAction":[{"@type":"SearchAction","target":{"@type":"EntryPoint","urlTemplate":"https:\/\/turmalina.com\/es\/?s={search_term_string}"},"query-input":{"@type":"PropertyValueSpecification","valueRequired":true,"valueName":"search_term_string"}}],"inLanguage":"es"},{"@type":"Organization","@id":"https:\/\/turmalina.com\/es\/#organization","name":"Michaelis Edelsteine","url":"https:\/\/turmalina.com\/es\/","logo":{"@type":"ImageObject","inLanguage":"es","@id":"https:\/\/turmalina.com\/es\/#\/schema\/logo\/image\/","url":"https:\/\/michaelis.es\/wp-content\/uploads\/2023\/01\/michaelis_favoricon.svg","contentUrl":"https:\/\/michaelis.es\/wp-content\/uploads\/2023\/01\/michaelis_favoricon.svg","width":1,"height":1,"caption":"Michaelis Edelsteine"},"image":{"@id":"https:\/\/turmalina.com\/es\/#\/schema\/logo\/image\/"},"sameAs":["https:\/\/www.facebook.com\/michaelis.edelsteine\/"]}]}},"_links":{"self":[{"href":"https:\/\/turmalina.com\/es\/wp-json\/wp\/v2\/product\/38106","targetHints":{"allow":["GET"]}}],"collection":[{"href":"https:\/\/turmalina.com\/es\/wp-json\/wp\/v2\/product"}],"about":[{"href":"https:\/\/turmalina.com\/es\/wp-json\/wp\/v2\/types\/product"}],"wp:featuredmedia":[{"embeddable":true,"href":"https:\/\/turmalina.com\/es\/wp-json\/wp\/v2\/media\/38687"}],"wp:attachment":[{"href":"https:\/\/turmalina.com\/es\/wp-json\/wp\/v2\/media?parent=38106"}],"wp:term":[{"taxonomy":"product_cat","embeddable":true,"href":"https:\/\/turmalina.com\/es\/wp-json\/wp\/v2\/product_cat?post=38106"},{"taxonomy":"product_tag","embeddable":true,"href":"https:\/\/turmalina.com\/es\/wp-json\/wp\/v2\/product_tag?post=38106"}],"curies":[{"name":"wp","href":"https:\/\/api.w.org\/{rel}","templated":true}]}}