{"id":38118,"date":"2018-12-19T12:50:07","date_gmt":"2018-12-19T12:50:07","guid":{"rendered":"http:\/\/localhost\/produkt\/cabujon-turmalina-fantasia-fancy-gemas\/"},"modified":"2023-03-27T19:18:19","modified_gmt":"2023-03-27T19:18:19","slug":"cabujon-turmalina-fantasia-fancy-gemas","status":"publish","type":"product","link":"https:\/\/turmalina.com\/es\/producto\/cabujon-turmalina-fantasia-fancy-gemas\/","title":{"rendered":"Fantas\u00eda"},"content":{"rendered":"<p><a href=\"https:\/\/turmalina.com\/es\/etiqueta-producto\/turmalina-cabujon-piedras-preciosas\/\">Cabuj\u00f3n<\/a> Turmalina Fantas\u00eda Fancy Gemas. La talla <a href=\"https:\/\/turmalina.com\/es\/etiqueta-producto\/piedras-preciosas-cabujon-turmalina\/\">fantas\u00eda<\/a> se adapta individualmente a la piedra en bruto existente y ofrece a los dise\u00f1adores de joyas una gran libertad creativa en el procesamiento.<br \/>\n<a href=\"https:\/\/es.wikipedia.org\/wiki\/Turmalina\">El Grupo de las Turmalinas<\/a> &#8211; <a href=\"https:\/\/turmalina.com\/es\/etiqueta-producto\/propriedades-de-las-turmalinas\/\">Propriedades de las Turmalinas<\/a><\/p>\n","protected":false},"excerpt":{"rendered":"<p>[vc_row content_placement=&#8221;middle&#8221; background_position_tablet=&#8221;center center&#8221;][vc_column width=&#8221;3\/4&#8243;][vc_row_inner content_placement=&#8221;middle&#8221; background_position_desktop=&#8221;center center&#8221; background_position_tablet=&#8221;center center&#8221; background_position_mobile=&#8221;center center&#8221;][vc_column_inner width=&#8221;1\/2&#8243;][gem_divider][vc_column_text]<\/p>\n<div class=\"title-h6\" style=\"text-align: center;\">Tipo de Corte<\/div>\n<p>[\/vc_column_text][gem_divider][vc_column_text]<img decoding=\"async\" class=\"wp-image-37452 aligncenter\" src=\"https:\/\/turmalina.com\/wp-content\/uploads\/2023\/03\/Phantasie.Cabochon.Cut_.svg\" alt=\"Phantasie.Cabochon.Cut\" width=\"221\" height=\"294\" \/>[\/vc_column_text][\/vc_column_inner][vc_column_inner width=&#8221;1\/2&#8243;][gem_divider][vc_column_text]<\/p>\n<div class=\"title-h6\" style=\"text-align: center;\">Tabla de tama\u00f1os y pesos<\/div>\n<p class=\"title-h7\" style=\"text-align: center;\">Las tallas de fantas\u00eda se moldean libremente con pesos y tama\u00f1os individuales.<\/p>\n<p>[\/vc_column_text][gem_divider][gem_table row_headers=\"1\"]<\/p>\n<p>[\/gem_table][\/vc_column_inner][\/vc_row_inner][vc_column_text]<\/p>\n<div class=\"title-h6 title-h4 title-h1\" style=\"text-align: center;\">Farbtabelle<\/div>\n<p><img decoding=\"async\" class=\"alignnone wp-image-37226 size-full\" src=\"https:\/\/turmalina.com\/wp-content\/uploads\/2023\/02\/Farbtabelle2.svg\" alt=\"\" width=\"867\" height=\"613\" \/><\/p>\n<div class=\"image-popup\"><\/div>\n<p><strong>Los colores de nuestras Turmalinas son naturales y el especial de esta Piedra Preciosa. Pueden diferir de la Tabla.<\/strong>[\/vc_column_text][\/vc_column][\/vc_row]<\/p>\n","protected":false},"featured_media":38676,"template":"","meta":[],"product_cat":[437],"product_tag":[472,591,546,468,554],"class_list":{"0":"post-38118","1":"product","2":"type-product","3":"status-publish","4":"has-post-thumbnail","6":"product_cat-turmalina-cabujon","7":"product_tag-cabujon-turmalina-fantasia-fancy-gemas","8":"product_tag-piedras-preciosas-cabujon-turmalina","9":"product_tag-propriedades-de-la-turmalina","10":"product_tag-turmalina-cabujon-piedras-preciosas","11":"product_tag-turmalina-piedras-preciosas-gemas","13":"first","14":"instock","15":"shipping-taxable","16":"product-type-simple"},"yoast_head":"<!-- This site is optimized with the Yoast SEO plugin v24.2 - https:\/\/yoast.com\/wordpress\/plugins\/seo\/ -->\n<title>Cabuj\u00f3n Turmalina Fantas\u00eda Fancy Gemas - Michaelis<\/title>\n<meta name=\"description\" content=\"Cabuj\u00f3n Turmalina Fantas\u00eda Fancy Gemas, tiene la superficie pulida, brillante y abovedada y la parte inferior plana y lisa. Aspecto r\u00fastico y natural.\" \/>\n<meta name=\"robots\" content=\"index, follow, max-snippet:-1, max-image-preview:large, max-video-preview:-1\" \/>\n<link rel=\"canonical\" href=\"https:\/\/turmalina.com\/es\/producto\/cabujon-turmalina-fantasia-fancy-gemas\/\" \/>\n<meta property=\"og:locale\" content=\"es_ES\" \/>\n<meta property=\"og:type\" content=\"article\" \/>\n<meta property=\"og:title\" content=\"Cabuj\u00f3n Turmalina Fantas\u00eda Fancy Gemas - Michaelis\" \/>\n<meta property=\"og:description\" content=\"Cabuj\u00f3n Turmalina Fantas\u00eda Fancy Gemas, tiene la superficie pulida, brillante y abovedada y la parte inferior plana y lisa. Aspecto r\u00fastico y natural.\" \/>\n<meta property=\"og:url\" content=\"https:\/\/turmalina.com\/es\/producto\/cabujon-turmalina-fantasia-fancy-gemas\/\" \/>\n<meta property=\"og:site_name\" content=\"Michaelis\" \/>\n<meta property=\"article:publisher\" content=\"https:\/\/www.facebook.com\/michaelis.edelsteine\/\" \/>\n<meta property=\"article:modified_time\" content=\"2023-03-27T19:18:19+00:00\" \/>\n<meta property=\"og:image\" content=\"https:\/\/turmalina.com\/wp-content\/uploads\/2023\/03\/Cabujon-Turmalina-Fantasia-Fancy-Gemas-1.webp\" \/>\n\t<meta property=\"og:image:width\" content=\"496\" \/>\n\t<meta property=\"og:image:height\" content=\"583\" \/>\n\t<meta property=\"og:image:type\" content=\"image\/webp\" \/>\n<meta name=\"twitter:card\" content=\"summary_large_image\" \/>\n<meta name=\"twitter:label1\" content=\"Tiempo de lectura\" \/>\n\t<meta name=\"twitter:data1\" content=\"1 minuto\" \/>\n<script type=\"application\/ld+json\" class=\"yoast-schema-graph\">{\"@context\":\"https:\/\/schema.org\",\"@graph\":[{\"@type\":\"WebPage\",\"@id\":\"https:\/\/turmalina.com\/es\/producto\/cabujon-turmalina-fantasia-fancy-gemas\/\",\"url\":\"https:\/\/turmalina.com\/es\/producto\/cabujon-turmalina-fantasia-fancy-gemas\/\",\"name\":\"Cabuj\u00f3n Turmalina Fantas\u00eda Fancy Gemas - Michaelis\",\"isPartOf\":{\"@id\":\"https:\/\/turmalina.com\/es\/#website\"},\"primaryImageOfPage\":{\"@id\":\"https:\/\/turmalina.com\/es\/producto\/cabujon-turmalina-fantasia-fancy-gemas\/#primaryimage\"},\"image\":{\"@id\":\"https:\/\/turmalina.com\/es\/producto\/cabujon-turmalina-fantasia-fancy-gemas\/#primaryimage\"},\"thumbnailUrl\":\"https:\/\/turmalina.com\/wp-content\/uploads\/2023\/03\/Cabujon-Turmalina-Fantasia-Fancy-Gemas-1.webp\",\"datePublished\":\"2018-12-19T12:50:07+00:00\",\"dateModified\":\"2023-03-27T19:18:19+00:00\",\"description\":\"Cabuj\u00f3n Turmalina Fantas\u00eda Fancy Gemas, tiene la superficie pulida, brillante y abovedada y la parte inferior plana y lisa. Aspecto r\u00fastico y natural.\",\"breadcrumb\":{\"@id\":\"https:\/\/turmalina.com\/es\/producto\/cabujon-turmalina-fantasia-fancy-gemas\/#breadcrumb\"},\"inLanguage\":\"es\",\"potentialAction\":[{\"@type\":\"ReadAction\",\"target\":[\"https:\/\/turmalina.com\/es\/producto\/cabujon-turmalina-fantasia-fancy-gemas\/\"]}]},{\"@type\":\"ImageObject\",\"inLanguage\":\"es\",\"@id\":\"https:\/\/turmalina.com\/es\/producto\/cabujon-turmalina-fantasia-fancy-gemas\/#primaryimage\",\"url\":\"https:\/\/turmalina.com\/wp-content\/uploads\/2023\/03\/Cabujon-Turmalina-Fantasia-Fancy-Gemas-1.webp\",\"contentUrl\":\"https:\/\/turmalina.com\/wp-content\/uploads\/2023\/03\/Cabujon-Turmalina-Fantasia-Fancy-Gemas-1.webp\",\"width\":496,\"height\":583,\"caption\":\"Cabuj\u00f3n Turmalina Fantas\u00eda Fancy Gemas\"},{\"@type\":\"BreadcrumbList\",\"@id\":\"https:\/\/turmalina.com\/es\/producto\/cabujon-turmalina-fantasia-fancy-gemas\/#breadcrumb\",\"itemListElement\":[{\"@type\":\"ListItem\",\"position\":1,\"name\":\"Startseite\",\"item\":\"https:\/\/turmalina.com\/es\/\"},{\"@type\":\"ListItem\",\"position\":2,\"name\":\"Productos\",\"item\":\"https:\/\/turmalina.com\/produkte\/\"},{\"@type\":\"ListItem\",\"position\":3,\"name\":\"fancy\",\"item\":\"https:\/\/turmalina.com\/es\/etiqueta-producto\/cabujon-turmalina-fantasia-fancy-gemas\/\"},{\"@type\":\"ListItem\",\"position\":4,\"name\":\"fancy\",\"item\":\"https:\/\/turmalina.com\/es\/etiqueta-producto\/cabujon-turmalina-fantasia-fancy-gemas\/\"},{\"@type\":\"ListItem\",\"position\":5,\"name\":\"Fantas\u00eda\"}]},{\"@type\":\"WebSite\",\"@id\":\"https:\/\/turmalina.com\/es\/#website\",\"url\":\"https:\/\/turmalina.com\/es\/\",\"name\":\"Michaelis\",\"description\":\"Edelsteine\",\"publisher\":{\"@id\":\"https:\/\/turmalina.com\/es\/#organization\"},\"potentialAction\":[{\"@type\":\"SearchAction\",\"target\":{\"@type\":\"EntryPoint\",\"urlTemplate\":\"https:\/\/turmalina.com\/es\/?s={search_term_string}\"},\"query-input\":{\"@type\":\"PropertyValueSpecification\",\"valueRequired\":true,\"valueName\":\"search_term_string\"}}],\"inLanguage\":\"es\"},{\"@type\":\"Organization\",\"@id\":\"https:\/\/turmalina.com\/es\/#organization\",\"name\":\"Michaelis Edelsteine\",\"url\":\"https:\/\/turmalina.com\/es\/\",\"logo\":{\"@type\":\"ImageObject\",\"inLanguage\":\"es\",\"@id\":\"https:\/\/turmalina.com\/es\/#\/schema\/logo\/image\/\",\"url\":\"https:\/\/michaelis.es\/wp-content\/uploads\/2023\/01\/michaelis_favoricon.svg\",\"contentUrl\":\"https:\/\/michaelis.es\/wp-content\/uploads\/2023\/01\/michaelis_favoricon.svg\",\"width\":1,\"height\":1,\"caption\":\"Michaelis Edelsteine\"},\"image\":{\"@id\":\"https:\/\/turmalina.com\/es\/#\/schema\/logo\/image\/\"},\"sameAs\":[\"https:\/\/www.facebook.com\/michaelis.edelsteine\/\"]}]}<\/script>\n<!-- \/ Yoast SEO plugin. -->","yoast_head_json":{"title":"Cabuj\u00f3n Turmalina Fantas\u00eda Fancy Gemas - Michaelis","description":"Cabuj\u00f3n Turmalina Fantas\u00eda Fancy Gemas, tiene la superficie pulida, brillante y abovedada y la parte inferior plana y lisa. Aspecto r\u00fastico y natural.","robots":{"index":"index","follow":"follow","max-snippet":"max-snippet:-1","max-image-preview":"max-image-preview:large","max-video-preview":"max-video-preview:-1"},"canonical":"https:\/\/turmalina.com\/es\/producto\/cabujon-turmalina-fantasia-fancy-gemas\/","og_locale":"es_ES","og_type":"article","og_title":"Cabuj\u00f3n Turmalina Fantas\u00eda Fancy Gemas - Michaelis","og_description":"Cabuj\u00f3n Turmalina Fantas\u00eda Fancy Gemas, tiene la superficie pulida, brillante y abovedada y la parte inferior plana y lisa. Aspecto r\u00fastico y natural.","og_url":"https:\/\/turmalina.com\/es\/producto\/cabujon-turmalina-fantasia-fancy-gemas\/","og_site_name":"Michaelis","article_publisher":"https:\/\/www.facebook.com\/michaelis.edelsteine\/","article_modified_time":"2023-03-27T19:18:19+00:00","og_image":[{"width":496,"height":583,"url":"https:\/\/turmalina.com\/wp-content\/uploads\/2023\/03\/Cabujon-Turmalina-Fantasia-Fancy-Gemas-1.webp","type":"image\/webp"}],"twitter_card":"summary_large_image","twitter_misc":{"Tiempo de lectura":"1 minuto"},"schema":{"@context":"https:\/\/schema.org","@graph":[{"@type":"WebPage","@id":"https:\/\/turmalina.com\/es\/producto\/cabujon-turmalina-fantasia-fancy-gemas\/","url":"https:\/\/turmalina.com\/es\/producto\/cabujon-turmalina-fantasia-fancy-gemas\/","name":"Cabuj\u00f3n Turmalina Fantas\u00eda Fancy Gemas - Michaelis","isPartOf":{"@id":"https:\/\/turmalina.com\/es\/#website"},"primaryImageOfPage":{"@id":"https:\/\/turmalina.com\/es\/producto\/cabujon-turmalina-fantasia-fancy-gemas\/#primaryimage"},"image":{"@id":"https:\/\/turmalina.com\/es\/producto\/cabujon-turmalina-fantasia-fancy-gemas\/#primaryimage"},"thumbnailUrl":"https:\/\/turmalina.com\/wp-content\/uploads\/2023\/03\/Cabujon-Turmalina-Fantasia-Fancy-Gemas-1.webp","datePublished":"2018-12-19T12:50:07+00:00","dateModified":"2023-03-27T19:18:19+00:00","description":"Cabuj\u00f3n Turmalina Fantas\u00eda Fancy Gemas, tiene la superficie pulida, brillante y abovedada y la parte inferior plana y lisa. Aspecto r\u00fastico y natural.","breadcrumb":{"@id":"https:\/\/turmalina.com\/es\/producto\/cabujon-turmalina-fantasia-fancy-gemas\/#breadcrumb"},"inLanguage":"es","potentialAction":[{"@type":"ReadAction","target":["https:\/\/turmalina.com\/es\/producto\/cabujon-turmalina-fantasia-fancy-gemas\/"]}]},{"@type":"ImageObject","inLanguage":"es","@id":"https:\/\/turmalina.com\/es\/producto\/cabujon-turmalina-fantasia-fancy-gemas\/#primaryimage","url":"https:\/\/turmalina.com\/wp-content\/uploads\/2023\/03\/Cabujon-Turmalina-Fantasia-Fancy-Gemas-1.webp","contentUrl":"https:\/\/turmalina.com\/wp-content\/uploads\/2023\/03\/Cabujon-Turmalina-Fantasia-Fancy-Gemas-1.webp","width":496,"height":583,"caption":"Cabuj\u00f3n Turmalina Fantas\u00eda Fancy Gemas"},{"@type":"BreadcrumbList","@id":"https:\/\/turmalina.com\/es\/producto\/cabujon-turmalina-fantasia-fancy-gemas\/#breadcrumb","itemListElement":[{"@type":"ListItem","position":1,"name":"Startseite","item":"https:\/\/turmalina.com\/es\/"},{"@type":"ListItem","position":2,"name":"Productos","item":"https:\/\/turmalina.com\/produkte\/"},{"@type":"ListItem","position":3,"name":"fancy","item":"https:\/\/turmalina.com\/es\/etiqueta-producto\/cabujon-turmalina-fantasia-fancy-gemas\/"},{"@type":"ListItem","position":4,"name":"fancy","item":"https:\/\/turmalina.com\/es\/etiqueta-producto\/cabujon-turmalina-fantasia-fancy-gemas\/"},{"@type":"ListItem","position":5,"name":"Fantas\u00eda"}]},{"@type":"WebSite","@id":"https:\/\/turmalina.com\/es\/#website","url":"https:\/\/turmalina.com\/es\/","name":"Michaelis","description":"Edelsteine","publisher":{"@id":"https:\/\/turmalina.com\/es\/#organization"},"potentialAction":[{"@type":"SearchAction","target":{"@type":"EntryPoint","urlTemplate":"https:\/\/turmalina.com\/es\/?s={search_term_string}"},"query-input":{"@type":"PropertyValueSpecification","valueRequired":true,"valueName":"search_term_string"}}],"inLanguage":"es"},{"@type":"Organization","@id":"https:\/\/turmalina.com\/es\/#organization","name":"Michaelis Edelsteine","url":"https:\/\/turmalina.com\/es\/","logo":{"@type":"ImageObject","inLanguage":"es","@id":"https:\/\/turmalina.com\/es\/#\/schema\/logo\/image\/","url":"https:\/\/michaelis.es\/wp-content\/uploads\/2023\/01\/michaelis_favoricon.svg","contentUrl":"https:\/\/michaelis.es\/wp-content\/uploads\/2023\/01\/michaelis_favoricon.svg","width":1,"height":1,"caption":"Michaelis Edelsteine"},"image":{"@id":"https:\/\/turmalina.com\/es\/#\/schema\/logo\/image\/"},"sameAs":["https:\/\/www.facebook.com\/michaelis.edelsteine\/"]}]}},"_links":{"self":[{"href":"https:\/\/turmalina.com\/es\/wp-json\/wp\/v2\/product\/38118","targetHints":{"allow":["GET"]}}],"collection":[{"href":"https:\/\/turmalina.com\/es\/wp-json\/wp\/v2\/product"}],"about":[{"href":"https:\/\/turmalina.com\/es\/wp-json\/wp\/v2\/types\/product"}],"wp:featuredmedia":[{"embeddable":true,"href":"https:\/\/turmalina.com\/es\/wp-json\/wp\/v2\/media\/38676"}],"wp:attachment":[{"href":"https:\/\/turmalina.com\/es\/wp-json\/wp\/v2\/media?parent=38118"}],"wp:term":[{"taxonomy":"product_cat","embeddable":true,"href":"https:\/\/turmalina.com\/es\/wp-json\/wp\/v2\/product_cat?post=38118"},{"taxonomy":"product_tag","embeddable":true,"href":"https:\/\/turmalina.com\/es\/wp-json\/wp\/v2\/product_tag?post=38118"}],"curies":[{"name":"wp","href":"https:\/\/api.w.org\/{rel}","templated":true}]}}